{"id":16429,"date":"2025-11-04T10:27:33","date_gmt":"2025-11-04T10:27:33","guid":{"rendered":"https:\/\/dermasupplies.world\/datenschutzbestimmungen-2\/"},"modified":"2025-11-04T10:27:33","modified_gmt":"2025-11-04T10:27:33","slug":"datenschutzbestimmungen-2","status":"publish","type":"page","link":"https:\/\/dermasupplies.world\/de\/datenschutzbestimmungen-2\/","title":{"rendered":"Datenschutzbestimmungen"},"content":{"rendered":"<p data-path-to-node=\"3\"><b data-path-to-node=\"3\" data-index-in-node=\"0\">Datum des Inkrafttretens:<\/b> April 6, 2026<\/p>\n<h3 data-path-to-node=\"4\">1. Informationen zum Datenverantwortlichen<\/h3>\n<p data-path-to-node=\"5\"><b data-path-to-node=\"5\" data-index-in-node=\"0\">Datenverantwortlicher:<\/b> Dermasupplies LLC<\/p>\n<p data-path-to-node=\"5\"><b data-path-to-node=\"5\" data-index-in-node=\"35\">Adresse:<\/b> Unit 1502, 507 Teheran-ro, Gangnam-gu, Seoul, 06168, Republik Korea<\/p>\n<p data-path-to-node=\"5\"><b data-path-to-node=\"5\" data-index-in-node=\"115\">E-Mail:<\/b> info@dermasupplies.world<\/p>\n<h3 data-path-to-node=\"6\">2. Daten, die wir sammeln<\/h3>\n<p data-path-to-node=\"7\">Wir sammeln in erster Linie Daten von professionellen <b data-path-to-node=\"7\" data-index-in-node=\"31\">Business-to-Business (B2B)<\/b> -Kunden. Zu den Arten von personenbezogenen Daten, die wir sammeln, geh\u00f6ren: <\/p>\n<ul data-path-to-node=\"8\">\n<li>\n<p data-path-to-node=\"8,0,0\"><b data-path-to-node=\"8,0,0\" data-index-in-node=\"0\">Identit\u00e4tsdaten:<\/b> Vorname, Nachname, Berufsbezeichnung, Firmenname.<\/p>\n<\/li>\n<li>\n<p data-path-to-node=\"8,1,0\"><b data-path-to-node=\"8,1,0\" data-index-in-node=\"0\">Kontaktinformationen:<\/b> E-Mail-Adresse, Telefonnummer, Rechnungsadresse, Lieferadresse.<\/p>\n<\/li>\n<li>\n<p data-path-to-node=\"8,2,0\"><b data-path-to-node=\"8,2,0\" data-index-in-node=\"0\">Daten zur beruflichen Qualifikation:<\/b> Nummern von Berufszulassungen, \u00e4rztliche Zeugnisse und Zertifizierungen, um die Berechtigung zum Kauf von regulierten Produkten (Dermal Fillers, Botox) gem\u00e4\u00df dem <b data-path-to-node=\"8,2,0\" data-index-in-node=\"190\">Medical Service Act<\/b> und dem <b data-path-to-node=\"8,2,0\" data-index-in-node=\"214\">Pharmaceutical Affairs Act<\/b> zu \u00fcberpr\u00fcfen.<\/p>\n<\/li>\n<li>\n<p data-path-to-node=\"8,3,0\"><b data-path-to-node=\"8,3,0\" data-index-in-node=\"0\">Finanzielle Daten:<\/b> Details zum Zahlungsverkehr (die sicher von Drittanbietern verarbeitet werden; wir speichern keine vollst\u00e4ndigen Zahlungskartendaten).<\/p>\n<\/li>\n<li>\n<p data-path-to-node=\"8,4,0\"><b data-path-to-node=\"8,4,0\" data-index-in-node=\"0\">Transaktionsdaten:<\/b> Details \u00fcber gekaufte Produkte, Bestellhistorie und Zahlungsstatus.<\/p>\n<\/li>\n<li>\n<p data-path-to-node=\"8,5,0\"><b data-path-to-node=\"8,5,0\" data-index-in-node=\"0\">Technische Daten:<\/b> IP-Adresse, Browsertyp, Ger\u00e4tetyp und Betriebssystem.<\/p>\n<\/li>\n<\/ul>\n<h3 data-path-to-node=\"9\">3. Rechtsgrundlage und Zweck der Verarbeitung<\/h3>\n<p data-path-to-node=\"10\">Wir verarbeiten Ihre Daten in \u00dcbereinstimmung mit dem koreanischen <b data-path-to-node=\"10\" data-index-in-node=\"51\">Gesetz zum Schutz pers\u00f6nlicher Daten (PIPA)<\/b> und internationalen Standards (wie GDPR):<\/p>\n<table data-path-to-node=\"11\">\n<thead>\n<tr>\n<td><strong>Zweck der Verarbeitung<\/strong><\/td>\n<td><strong>Rechtsgrundlage<\/strong><\/td>\n<\/tr>\n<\/thead>\n<tbody>\n<tr>\n<td><span data-path-to-node=\"11,1,0,0\"><b data-path-to-node=\"11,1,0,0\" data-index-in-node=\"0\">Vertragsdurchf\u00fchrung<\/b> (Bearbeitung von Bestellungen, Versand, Rechnungsstellung)<\/span><\/td>\n<td><span data-path-to-node=\"11,1,1,0\">Erforderlich f\u00fcr die Erf\u00fcllung eines Vertrags<\/span><\/td>\n<\/tr>\n<tr>\n<td><span data-path-to-node=\"11,2,0,0\"><b data-path-to-node=\"11,2,0,0\" data-index-in-node=\"0\">Einhaltung gesetzlicher Vorschriften<\/b> (\u00dcberpr\u00fcfung von Lizenzen f\u00fcr BOTOX\/Fillers, steuerliche Verpflichtungen)<\/span><\/td>\n<td><span data-path-to-node=\"11,2,1,0\">Erforderlich f\u00fcr die Einhaltung gesetzlicher Verpflichtungen<\/span><\/td>\n<\/tr>\n<tr>\n<td><span data-path-to-node=\"11,3,0,0\"><b data-path-to-node=\"11,3,0,0\" data-index-in-node=\"0\">Marketing<\/b> (Versenden von Werbe-E-Mails)<\/span><\/td>\n<td><span data-path-to-node=\"11,3,1,0\">Ausdr\u00fcckliche Zustimmung der betroffenen Person<\/span><\/td>\n<\/tr>\n<tr>\n<td><span data-path-to-node=\"11,4,0,0\"><b data-path-to-node=\"11,4,0,0\" data-index-in-node=\"0\">Legitimes Interesse<\/b> (Verhinderung von Betrug, Sicherheit der Website)<\/span><\/td>\n<td><span data-path-to-node=\"11,4,1,0\">Erforderlich f\u00fcr die Zwecke der berechtigten Interessen<\/span><\/td>\n<\/tr>\n<\/tbody>\n<\/table>\n<h3 data-path-to-node=\"12\">4. Besondere Bestimmungen f\u00fcr regulierte Produkte<\/h3>\n<p data-path-to-node=\"13\">Als Vertreiber von stark regulierten medizinischen Produkten (BOTOX und Dermal Fillers), der von der <b data-path-to-node=\"13\" data-index-in-node=\"100\">Republik Korea<\/b> aus operiert:<\/p>\n<ul data-path-to-node=\"14\">\n<li>\n<p data-path-to-node=\"14,0,0\"><b data-path-to-node=\"14,0,0\" data-index-in-node=\"0\">B2B-Mandat:<\/b> Der Verkauf ist streng auf lizenzierte medizinische Fachkr\u00e4fte (HCPs) oder autorisierte medizinische Einrichtungen beschr\u00e4nkt.<\/p>\n<\/li>\n<li>\n<p data-path-to-node=\"14,1,0\"><b data-path-to-node=\"14,1,0\" data-index-in-node=\"0\">Obligatorische Verifizierung:<\/b> Mit dem Kauf erkl\u00e4ren Sie sich mit der Erfassung und \u00dcberpr\u00fcfung von Berufslizenzen einverstanden. Dies ist nach koreanischem Recht zwingend vorgeschrieben, um die Sicherheit der medizinischen Versorgungskette zu gew\u00e4hrleisten. <\/p>\n<\/li>\n<\/ul>\n<h3 data-path-to-node=\"15\">5. Internationale Daten\u00fcbertragungen<\/h3>\n<p data-path-to-node=\"16\">Der Hauptsitz von Dermasupplies LLC befindet sich jetzt in <b data-path-to-node=\"16\" data-index-in-node=\"42\">S\u00fcdkorea<\/b>.<\/p>\n<ul data-path-to-node=\"17\">\n<li>\n<p data-path-to-node=\"17,0,0\"><b data-path-to-node=\"17,0,0\" data-index-in-node=\"0\">Speicherung von Daten:<\/b> Ihre pers\u00f6nlichen Daten werden haupts\u00e4chlich auf sicheren Servern in der Republik Korea gespeichert.<\/p>\n<\/li>\n<li>\n<p data-path-to-node=\"17,1,0\"><b data-path-to-node=\"17,1,0\" data-index-in-node=\"0\">Grenz\u00fcberschreitende \u00dcbertragungen:<\/b> Wenn Sie von au\u00dferhalb Koreas (z.B. EU, USA) bestellen, k\u00f6nnen Ihre Daten international \u00fcbertragen werden, um den Versand und die Zahlung zu erleichtern. Wir verwenden <b data-path-to-node=\"17,1,0\" data-index-in-node=\"168\">Standardvertragsklauseln (SCCs)<\/b> und stellen sicher, dass die Anforderungen des PIPA f\u00fcr \u00dcberweisungen ins Ausland eingehalten werden, um ein Schutzniveau zu gew\u00e4hrleisten, das internationalen Standards entspricht. <\/p>\n<\/li>\n<\/ul>\n<h3 data-path-to-node=\"18\">6. Ihre Rechte<\/h3>\n<p data-path-to-node=\"19\">Gem\u00e4\u00df dem <b data-path-to-node=\"19\" data-index-in-node=\"10\">PIPA (Korea)<\/b> und der <b data-path-to-node=\"19\" data-index-in-node=\"27\">GDPR (Europa)<\/b> haben Sie die folgenden Rechte:<\/p>\n<ul data-path-to-node=\"20\">\n<li>\n<p data-path-to-node=\"20,0,0\"><b data-path-to-node=\"20,0,0\" data-index-in-node=\"0\">Recht auf Zugang:<\/b> Erhalten Sie eine Best\u00e4tigung und Zugang zu Ihren verarbeiteten Daten.<\/p>\n<\/li>\n<li>\n<p data-path-to-node=\"20,1,0\"><b data-path-to-node=\"20,1,0\" data-index-in-node=\"0\">Recht auf Berichtigung:<\/b> Beantragen Sie die Berichtigung von ungenauen oder unvollst\u00e4ndigen Daten.<\/p>\n<\/li>\n<li>\n<p data-path-to-node=\"20,2,0\"><b data-path-to-node=\"20,2,0\" data-index-in-node=\"0\">Recht auf L\u00f6schung:<\/b> Verlangen Sie die L\u00f6schung Ihrer Daten (&#8222;Recht auf Vergessenwerden&#8220;), vorbehaltlich der gesetzlichen Aufbewahrungspflichten.<\/p>\n<\/li>\n<li>\n<p data-path-to-node=\"20,3,0\"><b data-path-to-node=\"20,3,0\" data-index-in-node=\"0\">Recht auf Aussetzung der Verarbeitung:<\/b> Verlangen Sie, dass wir unter bestimmten Umst\u00e4nden die Verarbeitung Ihrer Daten einstellen.<\/p>\n<\/li>\n<li>\n<p data-path-to-node=\"20,4,0\"><b data-path-to-node=\"20,4,0\" data-index-in-node=\"0\">Recht auf Widerspruch:<\/b> Widerspruch gegen die Verarbeitung auf der Grundlage von berechtigten Interessen oder Direktmarketing.<\/p>\n<\/li>\n<li>\n<p data-path-to-node=\"20,5,0\"><b data-path-to-node=\"20,5,0\" data-index-in-node=\"0\">Recht auf Entzug der Zustimmung:<\/b> Widerrufen Sie jederzeit Ihre Zustimmung zu Marketingaktivit\u00e4ten.<\/p>\n<\/li>\n<\/ul>\n<p data-path-to-node=\"21\">Um diese Rechte auszu\u00fcben, kontaktieren Sie uns bitte unter <b data-path-to-node=\"21\" data-index-in-node=\"47\">info@dermasupplies.world.<\/b><\/p>\n<h3 data-path-to-node=\"22\">7. Datenaufbewahrung und Vernichtung<\/h3>\n<ul data-path-to-node=\"23\">\n<li>\n<p data-path-to-node=\"23,0,0\"><b data-path-to-node=\"23,0,0\" data-index-in-node=\"0\">Aufbewahrung:<\/b> Wir bewahren personenbezogene Daten nur so lange auf, wie es zur Erf\u00fcllung der genannten Zwecke erforderlich ist (z.B. 5 Jahre f\u00fcr Transaktionsaufzeichnungen nach koreanischem Steuer- und Handelsrecht).<\/p>\n<\/li>\n<li>\n<p data-path-to-node=\"23,1,0\"><b data-path-to-node=\"23,1,0\" data-index-in-node=\"0\">Vernichtung:<\/b> Sobald die Aufbewahrungsfrist abgelaufen ist oder die Daten nicht mehr ben\u00f6tigt werden, l\u00f6schen wir die Informationen sicher oder anonymisieren sie, um eine Wiederherstellung zu verhindern.<\/p>\n<\/li>\n<\/ul>\n","protected":false},"excerpt":{"rendered":"<p>Datum des Inkrafttretens: April 6, 2026 1. Informationen zum Datenverantwortlichen Datenverantwortlicher: Dermasupplies LLC Adresse: Unit 1502, 507 Teheran-ro, Gangnam-gu, Seoul, 06168, Republik&hellip;<\/p>\n","protected":false},"author":1,"featured_media":0,"parent":0,"menu_order":0,"comment_status":"closed","ping_status":"closed","template":"","meta":{"om_disable_all_campaigns":false,"_monsterinsights_skip_tracking":false,"_monsterinsights_sitenote_active":false,"_monsterinsights_sitenote_note":"","_monsterinsights_sitenote_category":0,"footnotes":""},"yoast_head":"<!-- This site is optimized with the Yoast SEO plugin v22.3 - https:\/\/yoast.com\/wordpress\/plugins\/seo\/ -->\n<title>Datenschutzbestimmungen - Shop f\u00fcr Injektionsprodukte<\/title>\n<meta name=\"robots\" content=\"index, follow, max-snippet:-1, max-image-preview:large, max-video-preview:-1\" \/>\n<link rel=\"canonical\" href=\"https:\/\/dermasupplies.world\/de\/datenschutzbestimmungen-2\/\" \/>\n<meta property=\"og:locale\" content=\"de_DE\" \/>\n<meta property=\"og:type\" content=\"article\" \/>\n<meta property=\"og:title\" content=\"Datenschutzbestimmungen - Shop f\u00fcr Injektionsprodukte\" \/>\n<meta property=\"og:description\" content=\"Datum des Inkrafttretens: April 6, 2026 1. Informationen zum Datenverantwortlichen Datenverantwortlicher: Dermasupplies LLC Adresse: Unit 1502, 507 Teheran-ro, Gangnam-gu, Seoul, 06168, Republik&hellip;\" \/>\n<meta property=\"og:url\" content=\"https:\/\/dermasupplies.world\/de\/datenschutzbestimmungen-2\/\" \/>\n<meta property=\"og:site_name\" content=\"Shop f\u00fcr Injektionsprodukte\" \/>\n<meta name=\"twitter:card\" content=\"summary_large_image\" \/>\n<meta name=\"twitter:label1\" content=\"Gesch\u00e4tzte Lesezeit\" \/>\n\t<meta name=\"twitter:data1\" content=\"3 Minuten\" \/>\n<script type=\"application\/ld+json\" class=\"yoast-schema-graph\">{\"@context\":\"https:\/\/schema.org\",\"@graph\":[{\"@type\":\"WebPage\",\"@id\":\"https:\/\/dermasupplies.world\/de\/datenschutzbestimmungen-2\/\",\"url\":\"https:\/\/dermasupplies.world\/de\/datenschutzbestimmungen-2\/\",\"name\":\"Datenschutzbestimmungen - Shop f\u00fcr Injektionsprodukte\",\"isPartOf\":{\"@id\":\"https:\/\/dermasupplies.world\/de\/#website\"},\"datePublished\":\"2025-11-04T10:27:33+00:00\",\"dateModified\":\"2025-11-04T10:27:33+00:00\",\"breadcrumb\":{\"@id\":\"https:\/\/dermasupplies.world\/de\/datenschutzbestimmungen-2\/#breadcrumb\"},\"inLanguage\":\"de-DE\",\"potentialAction\":[{\"@type\":\"ReadAction\",\"target\":[\"https:\/\/dermasupplies.world\/de\/datenschutzbestimmungen-2\/\"]}]},{\"@type\":\"BreadcrumbList\",\"@id\":\"https:\/\/dermasupplies.world\/de\/datenschutzbestimmungen-2\/#breadcrumb\",\"itemListElement\":[{\"@type\":\"ListItem\",\"position\":1,\"name\":\"Home\",\"item\":\"https:\/\/dermasupplies.world\/de\/startseite\/\"},{\"@type\":\"ListItem\",\"position\":2,\"name\":\"Datenschutzbestimmungen\"}]},{\"@type\":\"WebSite\",\"@id\":\"https:\/\/dermasupplies.world\/de\/#website\",\"url\":\"https:\/\/dermasupplies.world\/de\/\",\"name\":\"dermasupplies.world\",\"description\":\"Besuchen Sie unseren Shop, wo Sie Hautf\u00fcller, Botox- und Mesotherapie-Produkte der besten Marken kaufen k\u00f6nnen\",\"potentialAction\":[{\"@type\":\"SearchAction\",\"target\":{\"@type\":\"EntryPoint\",\"urlTemplate\":\"https:\/\/dermasupplies.world\/de\/?s={search_term_string}\"},\"query-input\":\"required name=search_term_string\"}],\"inLanguage\":\"de-DE\"}]}<\/script>\n<!-- \/ Yoast SEO plugin. -->","yoast_head_json":{"title":"Datenschutzbestimmungen - Shop f\u00fcr Injektionsprodukte","robots":{"index":"index","follow":"follow","max-snippet":"max-snippet:-1","max-image-preview":"max-image-preview:large","max-video-preview":"max-video-preview:-1"},"canonical":"https:\/\/dermasupplies.world\/de\/datenschutzbestimmungen-2\/","og_locale":"de_DE","og_type":"article","og_title":"Datenschutzbestimmungen - Shop f\u00fcr Injektionsprodukte","og_description":"Datum des Inkrafttretens: April 6, 2026 1. Informationen zum Datenverantwortlichen Datenverantwortlicher: Dermasupplies LLC Adresse: Unit 1502, 507 Teheran-ro, Gangnam-gu, Seoul, 06168, Republik&hellip;","og_url":"https:\/\/dermasupplies.world\/de\/datenschutzbestimmungen-2\/","og_site_name":"Shop f\u00fcr Injektionsprodukte","twitter_card":"summary_large_image","twitter_misc":{"Gesch\u00e4tzte Lesezeit":"3 Minuten"},"schema":{"@context":"https:\/\/schema.org","@graph":[{"@type":"WebPage","@id":"https:\/\/dermasupplies.world\/de\/datenschutzbestimmungen-2\/","url":"https:\/\/dermasupplies.world\/de\/datenschutzbestimmungen-2\/","name":"Datenschutzbestimmungen - Shop f\u00fcr Injektionsprodukte","isPartOf":{"@id":"https:\/\/dermasupplies.world\/de\/#website"},"datePublished":"2025-11-04T10:27:33+00:00","dateModified":"2025-11-04T10:27:33+00:00","breadcrumb":{"@id":"https:\/\/dermasupplies.world\/de\/datenschutzbestimmungen-2\/#breadcrumb"},"inLanguage":"de-DE","potentialAction":[{"@type":"ReadAction","target":["https:\/\/dermasupplies.world\/de\/datenschutzbestimmungen-2\/"]}]},{"@type":"BreadcrumbList","@id":"https:\/\/dermasupplies.world\/de\/datenschutzbestimmungen-2\/#breadcrumb","itemListElement":[{"@type":"ListItem","position":1,"name":"Home","item":"https:\/\/dermasupplies.world\/de\/startseite\/"},{"@type":"ListItem","position":2,"name":"Datenschutzbestimmungen"}]},{"@type":"WebSite","@id":"https:\/\/dermasupplies.world\/de\/#website","url":"https:\/\/dermasupplies.world\/de\/","name":"dermasupplies.world","description":"Besuchen Sie unseren Shop, wo Sie Hautf\u00fcller, Botox- und Mesotherapie-Produkte der besten Marken kaufen k\u00f6nnen","potentialAction":[{"@type":"SearchAction","target":{"@type":"EntryPoint","urlTemplate":"https:\/\/dermasupplies.world\/de\/?s={search_term_string}"},"query-input":"required name=search_term_string"}],"inLanguage":"de-DE"}]}},"_links":{"self":[{"href":"https:\/\/dermasupplies.world\/de\/wp-json\/wp\/v2\/pages\/16429"}],"collection":[{"href":"https:\/\/dermasupplies.world\/de\/wp-json\/wp\/v2\/pages"}],"about":[{"href":"https:\/\/dermasupplies.world\/de\/wp-json\/wp\/v2\/types\/page"}],"author":[{"embeddable":true,"href":"https:\/\/dermasupplies.world\/de\/wp-json\/wp\/v2\/users\/1"}],"replies":[{"embeddable":true,"href":"https:\/\/dermasupplies.world\/de\/wp-json\/wp\/v2\/comments?post=16429"}],"version-history":[{"count":0,"href":"https:\/\/dermasupplies.world\/de\/wp-json\/wp\/v2\/pages\/16429\/revisions"}],"wp:attachment":[{"href":"https:\/\/dermasupplies.world\/de\/wp-json\/wp\/v2\/media?parent=16429"}],"curies":[{"name":"wp","href":"https:\/\/api.w.org\/{rel}","templated":true}]}}