{"id":16456,"date":"2025-11-04T10:35:52","date_gmt":"2025-11-04T10:35:52","guid":{"rendered":"https:\/\/dermasupplies.world\/allgemeine-geschaeftsbedingungen\/"},"modified":"2025-11-04T10:35:52","modified_gmt":"2025-11-04T10:35:52","slug":"allgemeine-geschaeftsbedingungen","status":"publish","type":"page","link":"https:\/\/dermasupplies.world\/de\/allgemeine-geschaeftsbedingungen\/","title":{"rendered":"Allgemeine Gesch\u00e4ftsbedingungen"},"content":{"rendered":"<p data-path-to-node=\"3\"><b data-path-to-node=\"3\" data-index-in-node=\"0\">Datum des Inkrafttretens:<\/b> April 6, 2026<\/p>\n<h3 data-path-to-node=\"4\">1. Allgemeine Bestimmungen<\/h3>\n<p data-path-to-node=\"5\"><b data-path-to-node=\"5\" data-index-in-node=\"0\">1.1. Vertragsparteien:<\/b>  Diese Allgemeinen Verkaufsbedingungen (&#8222;AGB&#8220;) regeln den Kauf und die Nutzung von Produkten und Dienstleistungen, die von <b data-path-to-node=\"5\" data-index-in-node=\"141\">Dermasupplies LLC<\/b> (nachfolgend der &#8222;Verk\u00e4ufer&#8220; oder das &#8222;Unternehmen&#8220;) mit Sitz in <b data-path-to-node=\"5\" data-index-in-node=\"217\">Unit 1502, 507 Teheran-ro, Gangnam-gu, Seoul, 06168, Republik Korea,<\/b> angeboten werden. Die E-Mail-Adresse f\u00fcr die Korrespondenz lautet <b data-path-to-node=\"5\" data-index-in-node=\"321\">info@dermasupplies.world.<\/b> Der Begriff &#8222;Kunde&#8220; bezieht sich auf jede nat\u00fcrliche oder juristische Person, die eine Bestellung auf der Website aufgibt.    <b data-path-to-node=\"5\" data-index-in-node=\"439\">1.2. Akzeptieren Sie die AGBs:<\/b>  Mit der Aufgabe einer Bestellung auf der Website des Verk\u00e4ufers best\u00e4tigt der Kunde, dass er diese AGB gelesen und verstanden hat und ihnen vorbehaltlos zustimmt.  <b data-path-to-node=\"5\" data-index-in-node=\"604\">1.3. Modifikationen:<\/b>  Der Verk\u00e4ufer beh\u00e4lt sich das Recht vor, diese AGB jederzeit zu \u00e4ndern. Die f\u00fcr eine Bestellung geltenden AGB sind diejenigen, die am Tag der Bestellung in Kraft sind. <\/p>\n<h3 data-path-to-node=\"6\">2. Produkte, berechtigte K\u00e4ufer und Haftungsausschluss f\u00fcr professionelle Nutzung<\/h3>\n<p data-path-to-node=\"7\"><b data-path-to-node=\"7\" data-index-in-node=\"0\">2.1. Art der Produkte:<\/b>  Der Verk\u00e4ufer vertreibt Dermalf\u00fcller, BOTOX und verwandte Produkte. Der Kunde erkennt an, dass es sich hierbei um <b data-path-to-node=\"7\" data-index-in-node=\"137\">medizinische Ger\u00e4te oder Arzneimittel<\/b> handelt, die ausschlie\u00dflich f\u00fcr die professionelle Anwendung bestimmt sind.   <b data-path-to-node=\"7\" data-index-in-node=\"212\">2.2. Verkaufsbeschr\u00e4nkung (B2B-Anforderung):<\/b><\/p>\n<ul data-path-to-node=\"8\">\n<li>\n<p data-path-to-node=\"8,0,0\">Der Verkauf aller regulierten Produkte erfolgt ausschlie\u00dflich <b data-path-to-node=\"8,0,0\" data-index-in-node=\"45\">im B2B-Bereich (Business-to-Business<\/b> ) und ist AUSSCHLIESSLICH auf qualifiziertes medizinisches Fachpersonal, Kliniken oder Einrichtungen beschr\u00e4nkt, die \u00fcber eine g\u00fcltige Berufszulassung gem\u00e4\u00df dem <b data-path-to-node=\"8,0,0\" data-index-in-node=\"211\">Medical Service Act<\/b> und dem <b data-path-to-node=\"8,0,0\" data-index-in-node=\"235\">Pharmaceutical Affairs Act<\/b> von Korea (sofern zutreffend) und der Gerichtsbarkeit des Ziellandes verf\u00fcgen.<\/p>\n<\/li>\n<li>\n<p data-path-to-node=\"8,1,0\">Der Kunde garantiert, dass er ein lizenzierter Fachmann ist. Falsche Angaben stellen einen wesentlichen Versto\u00df gegen diese AGB dar. <\/p>\n<\/li>\n<li>\n<p data-path-to-node=\"8,2,0\">Der Verk\u00e4ufer beh\u00e4lt sich das Recht vor, jede Bestellung abzulehnen, wenn der berufliche Status nicht \u00fcberpr\u00fcft werden kann.  <b data-path-to-node=\"8,2,0\" data-index-in-node=\"93\">2.3. Verwendung der Produkte:<\/b>  Der Kunde ist allein f\u00fcr die sichere Lagerung, Handhabung und Verwendung der Produkte verantwortlich. Der Verk\u00e4ufer haftet nicht f\u00fcr Verletzungen oder nachteilige Folgen, die sich aus einer unsachgem\u00e4\u00dfen Verwendung oder Anwendung durch den Kunden oder Dritte ergeben. <\/p>\n<\/li>\n<\/ul>\n<h3 data-path-to-node=\"9\">3. Bestellungen, Preisgestaltung und Zahlungen<\/h3>\n<p data-path-to-node=\"10\"><b data-path-to-node=\"10\" data-index-in-node=\"0\">3.1. Preisgestaltung:<\/b>  Die Preise werden in mehreren W\u00e4hrungen angezeigt. Alle Preise verstehen sich <b data-path-to-node=\"10\" data-index-in-node=\"74\">exklusive<\/b> lokaler Steuern, Z\u00f6lle, Mehrwertsteuer\/GST und Einfuhrsteuern im Zielland. Diese liegen in der <b data-path-to-node=\"10\" data-index-in-node=\"184\">alleinigen Verantwortung des Kunden<\/b>.    <b data-path-to-node=\"10\" data-index-in-node=\"221\">3.2. Auftragsbest\u00e4tigung:<\/b>  Der Vertrag kommt erst zustande, wenn der Verk\u00e4ufer eine E-Mail-Best\u00e4tigung \u00fcber den Versand der Bestellung versendet.  <b data-path-to-node=\"10\" data-index-in-node=\"346\">3.3. Zahlungsarten:<\/b>  Zahlungen werden \u00fcber sichere Drittanbieter abgewickelt. Der Verk\u00e4ufer speichert keine vollst\u00e4ndigen Angaben zur Zahlungskarte. <\/p>\n<h3 data-path-to-node=\"11\">4. Versand, Zoll und Risiko<\/h3>\n<p data-path-to-node=\"12\"><b data-path-to-node=\"12\" data-index-in-node=\"0\">4.1. Risiko\u00fcbergang (Incoterms):<\/b>  Das Risiko des Verlusts oder der Besch\u00e4digung geht mit der \u00dcbergabe an den Spediteur in den Gesch\u00e4ftsr\u00e4umen des Verk\u00e4ufers auf den Kunden \u00fcber: <b data-path-to-node=\"12\" data-index-in-node=\"143\">Unit 1502, 507 Teheran-ro, Gangnam-gu, Seoul, 06168, Republik Korea<\/b> (es gelten die FCA\/EXW-Bedingungen).  <b data-path-to-node=\"12\" data-index-in-node=\"237\">4.2. Einhaltung der Zollvorschriften:<\/b>  Der Kunde tritt als <b data-path-to-node=\"12\" data-index-in-node=\"287\">Importeur<\/b> auf und muss alle Einfuhrbestimmungen einhalten und alle damit verbundenen Z\u00f6lle und Geb\u00fchren bezahlen.  <b data-path-to-node=\"12\" data-index-in-node=\"390\">4.3. Ablehnung\/Beschlagnahmung durch den Zoll:<\/b>  F\u00fcr Bestellungen, die vom Zoll beschlagnahmt oder vernichtet werden, weil der Kunde die lokalen Gesetze nicht beachtet oder die Z\u00f6lle nicht bezahlt hat, werden keine R\u00fcckerstattungen gew\u00e4hrt.<\/p>\n<h3 data-path-to-node=\"13\">5. R\u00fccksendungen und Erstattungen<\/h3>\n<p data-path-to-node=\"14\"><b data-path-to-node=\"14\" data-index-in-node=\"0\">5.1. Strenges R\u00fcckgaberecht:<\/b>  Aufgrund des medizinischen Charakters der Produkte und der strengen Sicherheitsprotokolle (K\u00fchlkette\/Sterilit\u00e4t) <b data-path-to-node=\"14\" data-index-in-node=\"124\">sind alle Verk\u00e4ufe endg\u00fcltig<\/b>. Die Produkte k\u00f6nnen nicht zur\u00fcckgegeben werden, au\u00dfer bei nachgewiesenen Transportsch\u00e4den oder Versandfehlern.   <b data-path-to-node=\"14\" data-index-in-node=\"236\">5.2. Behauptungen:<\/b>  Reklamationen m\u00fcssen innerhalb von <b data-path-to-node=\"14\" data-index-in-node=\"309\">14 Tagen<\/b> nach der Lieferung mit einem fotografischen Beweis an <b data-path-to-node=\"14\" data-index-in-node=\"277\">info@dermasupplies.world<\/b> gesendet werden. Genehmigte R\u00fcckerstattungen\/Ersatzlieferungen werden innerhalb von 14 Werktagen bearbeitet. <\/p>\n<h3 data-path-to-node=\"15\">6. Einschr\u00e4nkung der Haftung<\/h3>\n<p data-path-to-node=\"16\"><b data-path-to-node=\"16\" data-index-in-node=\"0\">6.1. Maximale Haftung:<\/b>  Die Gesamthaftung des Verk\u00e4ufers ist strikt auf den <b data-path-to-node=\"16\" data-index-in-node=\"90\">Gesamtkaufpreis<\/b> beschr\u00e4nkt <b data-path-to-node=\"16\" data-index-in-node=\"90\">, der<\/b> f\u00fcr das spezifische Produkt <b data-path-to-node=\"16\" data-index-in-node=\"90\">gezahlt wurde<\/b>, das den Grund f\u00fcr den Anspruch darstellt.  <b data-path-to-node=\"16\" data-index-in-node=\"167\">6.2. Ausschluss von Schadenersatz:<\/b>  Der Verk\u00e4ufer haftet nicht f\u00fcr indirekte, zuf\u00e4llige oder Folgesch\u00e4den (einschlie\u00dflich entgangener Gewinne), die sich aus der Verwendung der Produkte ergeben.<\/p>\n<h3 data-path-to-node=\"17\">7. Geltendes Recht und Gerichtsstand<\/h3>\n<p data-path-to-node=\"18\"><b data-path-to-node=\"18\" data-index-in-node=\"0\">7.1. Geltendes Recht:<\/b>  Diese AGB unterliegen den Gesetzen der <b data-path-to-node=\"18\" data-index-in-node=\"100\">Republik Korea<\/b> und werden in \u00dcbereinstimmung mit diesen ausgelegt, ohne Ber\u00fccksichtigung der Grunds\u00e4tze des Kollisionsrechts.  <b data-path-to-node=\"18\" data-index-in-node=\"169\">7.2. Gerichtsbarkeit:<\/b>  Die Parteien vereinbaren, dass alle Klagen oder Verfahren, die sich aus oder im Zusammenhang mit diesen AGB ergeben, ausschlie\u00dflich vor den Gerichten in <b data-path-to-node=\"18\" data-index-in-node=\"336\">Seoul, Republik Korea<\/b>, verhandelt werden.<\/p>\n","protected":false},"excerpt":{"rendered":"<p>Datum des Inkrafttretens: April 6, 2026 1. Allgemeine Bestimmungen 1.1. Vertragsparteien: Diese Allgemeinen Verkaufsbedingungen (&#8222;AGB&#8220;) regeln den Kauf und die Nutzung von&hellip;<\/p>\n","protected":false},"author":1,"featured_media":0,"parent":0,"menu_order":0,"comment_status":"closed","ping_status":"closed","template":"","meta":{"om_disable_all_campaigns":false,"_monsterinsights_skip_tracking":false,"_monsterinsights_sitenote_active":false,"_monsterinsights_sitenote_note":"","_monsterinsights_sitenote_category":0,"footnotes":""},"yoast_head":"<!-- This site is optimized with the Yoast SEO plugin v22.3 - https:\/\/yoast.com\/wordpress\/plugins\/seo\/ -->\n<title>Allgemeine Gesch\u00e4ftsbedingungen - Shop f\u00fcr Injektionsprodukte<\/title>\n<meta name=\"robots\" content=\"index, follow, max-snippet:-1, max-image-preview:large, max-video-preview:-1\" \/>\n<link rel=\"canonical\" href=\"https:\/\/dermasupplies.world\/de\/allgemeine-geschaeftsbedingungen\/\" \/>\n<meta property=\"og:locale\" content=\"de_DE\" \/>\n<meta property=\"og:type\" content=\"article\" \/>\n<meta property=\"og:title\" content=\"Allgemeine Gesch\u00e4ftsbedingungen - Shop f\u00fcr Injektionsprodukte\" \/>\n<meta property=\"og:description\" content=\"Datum des Inkrafttretens: April 6, 2026 1. Allgemeine Bestimmungen 1.1. Vertragsparteien: Diese Allgemeinen Verkaufsbedingungen (&#8222;AGB&#8220;) regeln den Kauf und die Nutzung von&hellip;\" \/>\n<meta property=\"og:url\" content=\"https:\/\/dermasupplies.world\/de\/allgemeine-geschaeftsbedingungen\/\" \/>\n<meta property=\"og:site_name\" content=\"Shop f\u00fcr Injektionsprodukte\" \/>\n<meta name=\"twitter:card\" content=\"summary_large_image\" \/>\n<meta name=\"twitter:label1\" content=\"Gesch\u00e4tzte Lesezeit\" \/>\n\t<meta name=\"twitter:data1\" content=\"3 Minuten\" \/>\n<script type=\"application\/ld+json\" class=\"yoast-schema-graph\">{\"@context\":\"https:\/\/schema.org\",\"@graph\":[{\"@type\":\"WebPage\",\"@id\":\"https:\/\/dermasupplies.world\/de\/allgemeine-geschaeftsbedingungen\/\",\"url\":\"https:\/\/dermasupplies.world\/de\/allgemeine-geschaeftsbedingungen\/\",\"name\":\"Allgemeine Gesch\u00e4ftsbedingungen - Shop f\u00fcr Injektionsprodukte\",\"isPartOf\":{\"@id\":\"https:\/\/dermasupplies.world\/de\/#website\"},\"datePublished\":\"2025-11-04T10:35:52+00:00\",\"dateModified\":\"2025-11-04T10:35:52+00:00\",\"breadcrumb\":{\"@id\":\"https:\/\/dermasupplies.world\/de\/allgemeine-geschaeftsbedingungen\/#breadcrumb\"},\"inLanguage\":\"de-DE\",\"potentialAction\":[{\"@type\":\"ReadAction\",\"target\":[\"https:\/\/dermasupplies.world\/de\/allgemeine-geschaeftsbedingungen\/\"]}]},{\"@type\":\"BreadcrumbList\",\"@id\":\"https:\/\/dermasupplies.world\/de\/allgemeine-geschaeftsbedingungen\/#breadcrumb\",\"itemListElement\":[{\"@type\":\"ListItem\",\"position\":1,\"name\":\"Home\",\"item\":\"https:\/\/dermasupplies.world\/de\/startseite\/\"},{\"@type\":\"ListItem\",\"position\":2,\"name\":\"Allgemeine Gesch\u00e4ftsbedingungen\"}]},{\"@type\":\"WebSite\",\"@id\":\"https:\/\/dermasupplies.world\/de\/#website\",\"url\":\"https:\/\/dermasupplies.world\/de\/\",\"name\":\"dermasupplies.world\",\"description\":\"Besuchen Sie unseren Shop, wo Sie Hautf\u00fcller, Botox- und Mesotherapie-Produkte der besten Marken kaufen k\u00f6nnen\",\"potentialAction\":[{\"@type\":\"SearchAction\",\"target\":{\"@type\":\"EntryPoint\",\"urlTemplate\":\"https:\/\/dermasupplies.world\/de\/?s={search_term_string}\"},\"query-input\":\"required name=search_term_string\"}],\"inLanguage\":\"de-DE\"}]}<\/script>\n<!-- \/ Yoast SEO plugin. -->","yoast_head_json":{"title":"Allgemeine Gesch\u00e4ftsbedingungen - Shop f\u00fcr Injektionsprodukte","robots":{"index":"index","follow":"follow","max-snippet":"max-snippet:-1","max-image-preview":"max-image-preview:large","max-video-preview":"max-video-preview:-1"},"canonical":"https:\/\/dermasupplies.world\/de\/allgemeine-geschaeftsbedingungen\/","og_locale":"de_DE","og_type":"article","og_title":"Allgemeine Gesch\u00e4ftsbedingungen - Shop f\u00fcr Injektionsprodukte","og_description":"Datum des Inkrafttretens: April 6, 2026 1. Allgemeine Bestimmungen 1.1. Vertragsparteien: Diese Allgemeinen Verkaufsbedingungen (&#8222;AGB&#8220;) regeln den Kauf und die Nutzung von&hellip;","og_url":"https:\/\/dermasupplies.world\/de\/allgemeine-geschaeftsbedingungen\/","og_site_name":"Shop f\u00fcr Injektionsprodukte","twitter_card":"summary_large_image","twitter_misc":{"Gesch\u00e4tzte Lesezeit":"3 Minuten"},"schema":{"@context":"https:\/\/schema.org","@graph":[{"@type":"WebPage","@id":"https:\/\/dermasupplies.world\/de\/allgemeine-geschaeftsbedingungen\/","url":"https:\/\/dermasupplies.world\/de\/allgemeine-geschaeftsbedingungen\/","name":"Allgemeine Gesch\u00e4ftsbedingungen - Shop f\u00fcr Injektionsprodukte","isPartOf":{"@id":"https:\/\/dermasupplies.world\/de\/#website"},"datePublished":"2025-11-04T10:35:52+00:00","dateModified":"2025-11-04T10:35:52+00:00","breadcrumb":{"@id":"https:\/\/dermasupplies.world\/de\/allgemeine-geschaeftsbedingungen\/#breadcrumb"},"inLanguage":"de-DE","potentialAction":[{"@type":"ReadAction","target":["https:\/\/dermasupplies.world\/de\/allgemeine-geschaeftsbedingungen\/"]}]},{"@type":"BreadcrumbList","@id":"https:\/\/dermasupplies.world\/de\/allgemeine-geschaeftsbedingungen\/#breadcrumb","itemListElement":[{"@type":"ListItem","position":1,"name":"Home","item":"https:\/\/dermasupplies.world\/de\/startseite\/"},{"@type":"ListItem","position":2,"name":"Allgemeine Gesch\u00e4ftsbedingungen"}]},{"@type":"WebSite","@id":"https:\/\/dermasupplies.world\/de\/#website","url":"https:\/\/dermasupplies.world\/de\/","name":"dermasupplies.world","description":"Besuchen Sie unseren Shop, wo Sie Hautf\u00fcller, Botox- und Mesotherapie-Produkte der besten Marken kaufen k\u00f6nnen","potentialAction":[{"@type":"SearchAction","target":{"@type":"EntryPoint","urlTemplate":"https:\/\/dermasupplies.world\/de\/?s={search_term_string}"},"query-input":"required name=search_term_string"}],"inLanguage":"de-DE"}]}},"_links":{"self":[{"href":"https:\/\/dermasupplies.world\/de\/wp-json\/wp\/v2\/pages\/16456"}],"collection":[{"href":"https:\/\/dermasupplies.world\/de\/wp-json\/wp\/v2\/pages"}],"about":[{"href":"https:\/\/dermasupplies.world\/de\/wp-json\/wp\/v2\/types\/page"}],"author":[{"embeddable":true,"href":"https:\/\/dermasupplies.world\/de\/wp-json\/wp\/v2\/users\/1"}],"replies":[{"embeddable":true,"href":"https:\/\/dermasupplies.world\/de\/wp-json\/wp\/v2\/comments?post=16456"}],"version-history":[{"count":0,"href":"https:\/\/dermasupplies.world\/de\/wp-json\/wp\/v2\/pages\/16456\/revisions"}],"wp:attachment":[{"href":"https:\/\/dermasupplies.world\/de\/wp-json\/wp\/v2\/media?parent=16456"}],"curies":[{"name":"wp","href":"https:\/\/api.w.org\/{rel}","templated":true}]}}