{"id":16544,"date":"2026-04-07T04:09:27","date_gmt":"2026-04-07T04:09:27","guid":{"rendered":"https:\/\/dermasupplies.world\/ueber-uns-2\/"},"modified":"2026-04-07T04:09:27","modified_gmt":"2026-04-07T04:09:27","slug":"ueber-uns-2","status":"publish","type":"page","link":"https:\/\/dermasupplies.world\/de\/ueber-uns-2\/","title":{"rendered":"\u00dcber uns"},"content":{"rendered":"<h4 data-path-to-node=\"4\"><b data-path-to-node=\"4\" data-index-in-node=\"0\">Unsere Kompetenz: Pr\u00e4zision in der \u00e4sthetischen Pflege<\/b><\/h4>\n<p data-path-to-node=\"5\">Bei Derma Supplies schlie\u00dfen wir die L\u00fccke zwischen fortschrittlicher dermatologischer Wissenschaft und professioneller klinischer Praxis. Wir wissen, dass die Integrit\u00e4t von Produkten in der \u00e4sthetischen Industrie nicht nur ein Standard ist, sondern auch eine Notwendigkeit f\u00fcr die Sicherheit der Patienten. Unser Team besteht aus Fachleuten mit fundierten Kenntnissen in der \u00e4sthetischen Medizin, die sich der Beschaffung von L\u00f6sungen widmen, die den h\u00f6chsten klinischen Ma\u00dfst\u00e4ben f\u00fcr Sicherheit, Wirksamkeit und Innovation entsprechen.<\/p>\n<h4 data-path-to-node=\"6\"><b data-path-to-node=\"6\" data-index-in-node=\"0\">Exzellenz kuratieren: Unser Auswahlverfahren<\/b><\/h4>\n<p data-path-to-node=\"7\">Wir kuratieren nicht nur Produkte, wir pr\u00fcfen sie auch. Unser Auswahlverfahren ist streng und konzentriert sich auf medizinische L\u00f6sungen, die vorhersehbare, leistungsstarke Ergebnisse bieten. Wir arbeiten ausschlie\u00dflich mit autorisierten Herstellern und weltweit f\u00fchrenden Dermatologen zusammen, um eine transparente Lieferkette zu gew\u00e4hrleisten, die 100%ige Authentizit\u00e4t garantiert. Durch die sorgf\u00e4ltige Analyse klinischer Daten und des Feedbacks von Praktikern stellen wir nur die Tools zur Verf\u00fcgung, die die klinische Praxis nachweislich verbessern.<\/p>\n<h4 data-path-to-node=\"8\"><b data-path-to-node=\"8\" data-index-in-node=\"0\">Unser Bekenntnis zu klinischen Standards<\/b><\/h4>\n<p data-path-to-node=\"9\">Vertrauen ist die Grundlage der Beziehung zwischen Arzt und Patient, und es ist die Grundlage unserer Beziehung. Derma Supplies arbeitet unter strengen Qualit\u00e4tskontrollprotokollen:<\/p>\n<ul data-path-to-node=\"10\">\n<li>\n<p data-path-to-node=\"10,0,0\"><b data-path-to-node=\"10,0,0\" data-index-in-node=\"0\">Zertifizierte Beschaffung:<\/b> Wir \u00fcberpr\u00fcfen jede Charge auf Authentizit\u00e4t und Qualit\u00e4t.<\/p>\n<\/li>\n<li>\n<p data-path-to-node=\"10,1,0\"><b data-path-to-node=\"10,1,0\" data-index-in-node=\"0\">Einhaltung gesetzlicher Vorschriften:<\/b> Wir halten uns an internationale Lagerungs- und Vertriebsstandards, um die Produktstabilit\u00e4t und -wirksamkeit zu gew\u00e4hrleisten.<\/p>\n<\/li>\n<li>\n<p data-path-to-node=\"10,2,0\"><b data-path-to-node=\"10,2,0\" data-index-in-node=\"0\">Fachkundige Unterst\u00fctzung:<\/b> Unser Team ber\u00e4t Sie fachkundig und stellt sicher, dass Sie \u00fcber die technische Dokumentation und die Produktkenntnisse verf\u00fcgen, die Sie f\u00fcr eine fundierte klinische Entscheidungsfindung ben\u00f6tigen.<\/p>\n<\/li>\n<\/ul>\n<h4 data-path-to-node=\"11\"><b data-path-to-node=\"11\" data-index-in-node=\"0\">Praktiker bef\u00e4higen<\/b><\/h4>\n<p data-path-to-node=\"12\">Wir glauben, dass beruflicher Erfolg auf zuverl\u00e4ssigen Werkzeugen und Expertenwissen beruht. Wir haben es uns zur Aufgabe gemacht, Kliniken und \u00c4sthetikern einen einfachen, sicheren und zuverl\u00e4ssigen Zugang zu den vertrauensw\u00fcrdigsten \u00e4sthetischen Produkten der Welt zu bieten. Ob Sie ein erfahrener Spezialist oder eine wachsende Praxis sind, Derma Supplies ist Ihr Partner, wenn es darum geht, au\u00dfergew\u00f6hnliche, evidenzbasierte Ergebnisse zu erzielen.<\/p>\n<p data-path-to-node=\"13\"><b data-path-to-node=\"13\" data-index-in-node=\"0\">Das Derma Supplies Team<\/b><\/p>\n","protected":false},"excerpt":{"rendered":"<p>Unsere Kompetenz: Pr\u00e4zision in der \u00e4sthetischen Pflege Bei Derma Supplies schlie\u00dfen wir die L\u00fccke zwischen fortschrittlicher dermatologischer Wissenschaft und professioneller klinischer Praxis.&hellip;<\/p>\n","protected":false},"author":1,"featured_media":0,"parent":0,"menu_order":0,"comment_status":"closed","ping_status":"closed","template":"","meta":{"om_disable_all_campaigns":false,"_monsterinsights_skip_tracking":false,"_monsterinsights_sitenote_active":false,"_monsterinsights_sitenote_note":"","_monsterinsights_sitenote_category":0,"footnotes":""},"yoast_head":"<!-- This site is optimized with the Yoast SEO plugin v22.3 - https:\/\/yoast.com\/wordpress\/plugins\/seo\/ -->\n<title>\u00dcber uns - Shop f\u00fcr Injektionsprodukte<\/title>\n<meta name=\"robots\" content=\"index, follow, max-snippet:-1, max-image-preview:large, max-video-preview:-1\" \/>\n<link rel=\"canonical\" href=\"https:\/\/dermasupplies.world\/de\/ueber-uns-2\/\" \/>\n<meta property=\"og:locale\" content=\"de_DE\" \/>\n<meta property=\"og:type\" content=\"article\" \/>\n<meta property=\"og:title\" content=\"\u00dcber uns - Shop f\u00fcr Injektionsprodukte\" \/>\n<meta property=\"og:description\" content=\"Unsere Kompetenz: Pr\u00e4zision in der \u00e4sthetischen Pflege Bei Derma Supplies schlie\u00dfen wir die L\u00fccke zwischen fortschrittlicher dermatologischer Wissenschaft und professioneller klinischer Praxis.&hellip;\" \/>\n<meta property=\"og:url\" content=\"https:\/\/dermasupplies.world\/de\/ueber-uns-2\/\" \/>\n<meta property=\"og:site_name\" content=\"Shop f\u00fcr Injektionsprodukte\" \/>\n<meta name=\"twitter:card\" content=\"summary_large_image\" \/>\n<meta name=\"twitter:label1\" content=\"Gesch\u00e4tzte Lesezeit\" \/>\n\t<meta name=\"twitter:data1\" content=\"2 Minuten\" \/>\n<script type=\"application\/ld+json\" class=\"yoast-schema-graph\">{\"@context\":\"https:\/\/schema.org\",\"@graph\":[{\"@type\":\"WebPage\",\"@id\":\"https:\/\/dermasupplies.world\/de\/ueber-uns-2\/\",\"url\":\"https:\/\/dermasupplies.world\/de\/ueber-uns-2\/\",\"name\":\"\u00dcber uns - Shop f\u00fcr Injektionsprodukte\",\"isPartOf\":{\"@id\":\"https:\/\/dermasupplies.world\/de\/#website\"},\"datePublished\":\"2026-04-07T04:09:27+00:00\",\"dateModified\":\"2026-04-07T04:09:27+00:00\",\"breadcrumb\":{\"@id\":\"https:\/\/dermasupplies.world\/de\/ueber-uns-2\/#breadcrumb\"},\"inLanguage\":\"de-DE\",\"potentialAction\":[{\"@type\":\"ReadAction\",\"target\":[\"https:\/\/dermasupplies.world\/de\/ueber-uns-2\/\"]}]},{\"@type\":\"BreadcrumbList\",\"@id\":\"https:\/\/dermasupplies.world\/de\/ueber-uns-2\/#breadcrumb\",\"itemListElement\":[{\"@type\":\"ListItem\",\"position\":1,\"name\":\"Home\",\"item\":\"https:\/\/dermasupplies.world\/de\/startseite\/\"},{\"@type\":\"ListItem\",\"position\":2,\"name\":\"\u00dcber uns\"}]},{\"@type\":\"WebSite\",\"@id\":\"https:\/\/dermasupplies.world\/de\/#website\",\"url\":\"https:\/\/dermasupplies.world\/de\/\",\"name\":\"dermasupplies.world\",\"description\":\"Besuchen Sie unseren Shop, wo Sie Hautf\u00fcller, Botox- und Mesotherapie-Produkte der besten Marken kaufen k\u00f6nnen\",\"potentialAction\":[{\"@type\":\"SearchAction\",\"target\":{\"@type\":\"EntryPoint\",\"urlTemplate\":\"https:\/\/dermasupplies.world\/de\/?s={search_term_string}\"},\"query-input\":\"required name=search_term_string\"}],\"inLanguage\":\"de-DE\"}]}<\/script>\n<!-- \/ Yoast SEO plugin. -->","yoast_head_json":{"title":"\u00dcber uns - Shop f\u00fcr Injektionsprodukte","robots":{"index":"index","follow":"follow","max-snippet":"max-snippet:-1","max-image-preview":"max-image-preview:large","max-video-preview":"max-video-preview:-1"},"canonical":"https:\/\/dermasupplies.world\/de\/ueber-uns-2\/","og_locale":"de_DE","og_type":"article","og_title":"\u00dcber uns - Shop f\u00fcr Injektionsprodukte","og_description":"Unsere Kompetenz: Pr\u00e4zision in der \u00e4sthetischen Pflege Bei Derma Supplies schlie\u00dfen wir die L\u00fccke zwischen fortschrittlicher dermatologischer Wissenschaft und professioneller klinischer Praxis.&hellip;","og_url":"https:\/\/dermasupplies.world\/de\/ueber-uns-2\/","og_site_name":"Shop f\u00fcr Injektionsprodukte","twitter_card":"summary_large_image","twitter_misc":{"Gesch\u00e4tzte Lesezeit":"2 Minuten"},"schema":{"@context":"https:\/\/schema.org","@graph":[{"@type":"WebPage","@id":"https:\/\/dermasupplies.world\/de\/ueber-uns-2\/","url":"https:\/\/dermasupplies.world\/de\/ueber-uns-2\/","name":"\u00dcber uns - Shop f\u00fcr Injektionsprodukte","isPartOf":{"@id":"https:\/\/dermasupplies.world\/de\/#website"},"datePublished":"2026-04-07T04:09:27+00:00","dateModified":"2026-04-07T04:09:27+00:00","breadcrumb":{"@id":"https:\/\/dermasupplies.world\/de\/ueber-uns-2\/#breadcrumb"},"inLanguage":"de-DE","potentialAction":[{"@type":"ReadAction","target":["https:\/\/dermasupplies.world\/de\/ueber-uns-2\/"]}]},{"@type":"BreadcrumbList","@id":"https:\/\/dermasupplies.world\/de\/ueber-uns-2\/#breadcrumb","itemListElement":[{"@type":"ListItem","position":1,"name":"Home","item":"https:\/\/dermasupplies.world\/de\/startseite\/"},{"@type":"ListItem","position":2,"name":"\u00dcber uns"}]},{"@type":"WebSite","@id":"https:\/\/dermasupplies.world\/de\/#website","url":"https:\/\/dermasupplies.world\/de\/","name":"dermasupplies.world","description":"Besuchen Sie unseren Shop, wo Sie Hautf\u00fcller, Botox- und Mesotherapie-Produkte der besten Marken kaufen k\u00f6nnen","potentialAction":[{"@type":"SearchAction","target":{"@type":"EntryPoint","urlTemplate":"https:\/\/dermasupplies.world\/de\/?s={search_term_string}"},"query-input":"required name=search_term_string"}],"inLanguage":"de-DE"}]}},"_links":{"self":[{"href":"https:\/\/dermasupplies.world\/de\/wp-json\/wp\/v2\/pages\/16544"}],"collection":[{"href":"https:\/\/dermasupplies.world\/de\/wp-json\/wp\/v2\/pages"}],"about":[{"href":"https:\/\/dermasupplies.world\/de\/wp-json\/wp\/v2\/types\/page"}],"author":[{"embeddable":true,"href":"https:\/\/dermasupplies.world\/de\/wp-json\/wp\/v2\/users\/1"}],"replies":[{"embeddable":true,"href":"https:\/\/dermasupplies.world\/de\/wp-json\/wp\/v2\/comments?post=16544"}],"version-history":[{"count":0,"href":"https:\/\/dermasupplies.world\/de\/wp-json\/wp\/v2\/pages\/16544\/revisions"}],"wp:attachment":[{"href":"https:\/\/dermasupplies.world\/de\/wp-json\/wp\/v2\/media?parent=16544"}],"curies":[{"name":"wp","href":"https:\/\/api.w.org\/{rel}","templated":true}]}}