{"id":12857,"date":"2024-02-12T23:43:41","date_gmt":"2024-02-12T23:43:41","guid":{"rendered":"https:\/\/sarahandbendrix.com\/product\/replengen-20-koerper-und-brust\/"},"modified":"2026-04-06T19:42:16","modified_gmt":"2026-04-06T19:42:16","slug":"replengen-20-koerper-und-brust","status":"publish","type":"product","link":"https:\/\/dermasupplies.world\/de\/shop\/dermalfuller\/replengen-20-koerper-und-brust\/","title":{"rendered":"Replengen 20 &#8211; K\u00f6rper und Brust"},"content":{"rendered":"<h4><strong>Beschreibung des Produkts:<\/strong><\/h4>\n<p>Replengen 20 ist eine luxuri\u00f6se Feuchtigkeitscreme f\u00fcr das Gesicht mit einem Sonnenschutzfaktor von SPF 20. Mit pflegenden Inhaltsstoffen wie Hyalurons\u00e4ure und Vitamin E versorgt sie die Haut mit Feuchtigkeit und sch\u00fctzt sie gleichzeitig vor sch\u00e4dlichen UV-Strahlen. Replengen 20 spendet den ganzen Tag lang Feuchtigkeit und bietet Sonnenschutz f\u00fcr einen strahlenden, gesunden Teint.<\/p>\n<h4><strong>Wichtigste Vorteile:<\/strong><\/h4>\n<ul>\n<li><strong>Hydratisierung:<\/strong> Versorgt die Haut intensiv mit Feuchtigkeit und macht sie weich, glatt und geschmeidig.<\/li>\n<li><strong>Sonnenschutz:<\/strong> Bietet einen Breitband-SPF 20 Schutz gegen UVA- und UVB-Strahlen.<\/li>\n<li><strong>Antioxidative Vorteile:<\/strong> Vitamin E hilft, die Haut vor Umweltsch\u00e4den und vorzeitiger Alterung zu sch\u00fctzen.<\/li>\n<li><strong>Nicht fettende Formel:<\/strong> Zieht schnell ein, ohne einen fettigen R\u00fcckstand zu hinterlassen, ideal f\u00fcr die t\u00e4gliche Anwendung.<\/li>\n<li><strong>F\u00fcr alle Hauttypen geeignet:<\/strong> Sanfte Formel, geeignet f\u00fcr normale, trockene, fettige und empfindliche Haut.<\/li>\n<\/ul>\n<h4><strong>Zutaten:<\/strong><\/h4>\n<ul>\n<li><strong>Aktive Bestandteile:<\/strong> Avobenzone (3%), Octisalate (5%), Octocrylene (7%)<\/li>\n<li><strong>Andere Inhaltsstoffe:<\/strong> Wasser, Glycerin, Hyalurons\u00e4ure, Vitamin E, Dimethicone, Cetyl Alcohol, Stearyl Alcohol und andere propriet\u00e4re Inhaltsstoffe.<\/li>\n<\/ul>\n<h4><strong>Gebrauchsanweisung:<\/strong><\/h4>\n<ol>\n<li><strong>Reinigen Sie:<\/strong> Beginnen Sie mit einem sauberen Gesicht und entfernen Sie jegliches Make-up und Unreinheiten.<\/li>\n<li><strong>Auftragen:<\/strong> Geben Sie eine kleine Menge Replengen 20 auf die Fingerspitzen und massieren Sie es sanft auf Gesicht und Hals, bis es vollst\u00e4ndig eingezogen ist.<\/li>\n<li><strong>Sonnenschutz:<\/strong> Tragen Sie die Creme alle 2 Stunden oder nach dem Schwimmen oder Schwitzen erneut auf, um den Sonnenschutz aufrechtzuerhalten.<\/li>\n<li><strong>T\u00e4gliche Anwendung:<\/strong> Verwenden Sie es t\u00e4glich als Teil Ihrer morgendlichen Hautpflegeroutine, bevor Sie Ihr Make-up auftragen.<\/li>\n<\/ol>\n<h4><strong>Geeignet f\u00fcr:<\/strong><\/h4>\n<ul>\n<li>F\u00fcr alle Hauttypen, einschlie\u00dflich normaler, trockener, fettiger und empfindlicher Haut.<\/li>\n<li>Personen, die t\u00e4glich Feuchtigkeitspflege und Sonnenschutz ben\u00f6tigen.<\/li>\n<li>Diejenigen, die \u00fcber vorzeitige Alterung und Sonnensch\u00e4den besorgt sind.<\/li>\n<\/ul>\n<h4><strong>Verpackung:<\/strong><\/h4>\n<ul>\n<li>Erh\u00e4ltlich in einer 50ml-Pumpflasche f\u00fcr eine einfache und hygienische Anwendung.<\/li>\n<li>Jede Flasche enth\u00e4lt Replengen 20 Feuchtigkeitscreme f\u00fcr das Gesicht.<\/li>\n<\/ul>\n<h4><strong>Sicherheit und Qualit\u00e4tssicherung:<\/strong><\/h4>\n<ul>\n<li><strong>Von Dermatologen getestet:<\/strong> Klinisch erwiesen, dass es sicher und wirksam f\u00fcr die t\u00e4gliche Anwendung ist.<\/li>\n<li><strong>Hochwertige Inhaltsstoffe:<\/strong> Mit hochwertigen Inhaltsstoffen formuliert, um Wirksamkeit und Sicherheit zu gew\u00e4hrleisten.<\/li>\n<li><strong>Breitspektrum-Schutz:<\/strong> Bietet umfassenden Schutz vor UVA- und UVB-Strahlen.<\/li>\n<\/ul>\n<h4><strong>Hinweise zur Lagerung:<\/strong><\/h4>\n<ul>\n<li>An einem k\u00fchlen, trockenen Ort ohne direkte Sonneneinstrahlung lagern.<\/li>\n<li>Halten Sie das Produkt fest verschlossen, wenn Sie es nicht benutzen, um Verunreinigungen zu vermeiden.<\/li>\n<li>Vermeiden Sie es, sich extremen Temperaturen auszusetzen.<\/li>\n<\/ul>\n<h4><strong>Vorsicht:<\/strong><\/h4>\n<ul>\n<li>Nur zur \u00e4u\u00dferlichen Anwendung. Vermeiden Sie den Kontakt mit den Augen. Bei Kontakt gr\u00fcndlich mit Wasser absp\u00fclen.<\/li>\n<li>Beenden Sie die Anwendung, wenn Reizungen oder Hautausschlag auftreten. Wenden Sie sich an einen Arzt, wenn die Reizung anh\u00e4lt.<\/li>\n<li>Darf nicht in die H\u00e4nde von Kindern gelangen. Suchen Sie bei Verschlucken sofort einen Arzt auf oder kontaktieren Sie eine Giftnotrufzentrale.<\/li>\n<\/ul>\n","protected":false},"excerpt":{"rendered":"<p>Replengen 20 ist eine n\u00e4hrende Feuchtigkeitscreme f\u00fcr das Gesicht, die mit einem Sonnenschutzmittel mit SPF 20 angereichert ist. Mit feuchtigkeitsspendender Hyalurons\u00e4ure und Vitamin E, das reich an Antioxidantien ist, spendet sie den ganzen Tag lang Feuchtigkeit und bietet einen Breitband-Sonnenschutz. Leicht und nicht fettend, hinterl\u00e4sst sie ein weiches, geschmeidiges Hautgef\u00fchl und sch\u00fctzt vor Umweltstress.<\/p>\n","protected":false},"featured_media":11054,"template":"","meta":{"om_disable_all_campaigns":false,"_monsterinsights_skip_tracking":false,"_monsterinsights_sitenote_active":false,"_monsterinsights_sitenote_note":"","_monsterinsights_sitenote_category":0},"product_cat":[241],"product_tag":[],"yoast_head":"<!-- This site is optimized with the Yoast SEO plugin v22.3 - https:\/\/yoast.com\/wordpress\/plugins\/seo\/ -->\n<title>Kaufen Replengen 20 - K\u00f6rper und Brust Lieferant online - Shop f\u00fcr Injektionsprodukte<\/title>\n<meta name=\"robots\" content=\"index, follow, max-snippet:-1, max-image-preview:large, max-video-preview:-1\" \/>\n<link rel=\"canonical\" href=\"https:\/\/dermasupplies.world\/de\/shop\/dermalfuller\/replengen-20-koerper-und-brust\/\" \/>\n<meta property=\"og:locale\" content=\"de_DE\" \/>\n<meta property=\"og:type\" content=\"article\" \/>\n<meta property=\"og:title\" content=\"Kaufen Replengen 20 - K\u00f6rper und Brust Lieferant online - Shop f\u00fcr Injektionsprodukte\" \/>\n<meta property=\"og:description\" content=\"Replengen 20 ist eine n\u00e4hrende Feuchtigkeitscreme f\u00fcr das Gesicht, die mit einem Sonnenschutzmittel mit SPF 20 angereichert ist. Mit feuchtigkeitsspendender Hyalurons\u00e4ure und Vitamin E, das reich an Antioxidantien ist, spendet sie den ganzen Tag lang Feuchtigkeit und bietet einen Breitband-Sonnenschutz. Leicht und nicht fettend, hinterl\u00e4sst sie ein weiches, geschmeidiges Hautgef\u00fchl und sch\u00fctzt vor Umweltstress.\" \/>\n<meta property=\"og:url\" content=\"https:\/\/dermasupplies.world\/de\/shop\/dermalfuller\/replengen-20-koerper-und-brust\/\" \/>\n<meta property=\"og:site_name\" content=\"Shop f\u00fcr Injektionsprodukte\" \/>\n<meta property=\"article:modified_time\" content=\"2026-04-06T19:42:16+00:00\" \/>\n<meta property=\"og:image\" content=\"https:\/\/dermasupplies.world\/wp-content\/uploads\/2024\/02\/replengen-20-body-and-breast-augmentation.jpg\" \/>\n\t<meta property=\"og:image:width\" content=\"800\" \/>\n\t<meta property=\"og:image:height\" content=\"800\" \/>\n\t<meta property=\"og:image:type\" content=\"image\/jpeg\" \/>\n<meta name=\"twitter:card\" content=\"summary_large_image\" \/>\n<meta name=\"twitter:label1\" content=\"Gesch\u00e4tzte Lesezeit\" \/>\n\t<meta name=\"twitter:data1\" content=\"2 Minuten\" \/>\n<script type=\"application\/ld+json\" class=\"yoast-schema-graph\">{\"@context\":\"https:\/\/schema.org\",\"@graph\":[{\"@type\":\"WebPage\",\"@id\":\"https:\/\/dermasupplies.world\/de\/shop\/dermalfuller\/replengen-20-koerper-und-brust\/\",\"url\":\"https:\/\/dermasupplies.world\/de\/shop\/dermalfuller\/replengen-20-koerper-und-brust\/\",\"name\":\"Kaufen Replengen 20 - K\u00f6rper und Brust Lieferant online - Shop f\u00fcr Injektionsprodukte\",\"isPartOf\":{\"@id\":\"https:\/\/dermasupplies.world\/de\/#website\"},\"primaryImageOfPage\":{\"@id\":\"https:\/\/dermasupplies.world\/de\/shop\/dermalfuller\/replengen-20-koerper-und-brust\/#primaryimage\"},\"image\":{\"@id\":\"https:\/\/dermasupplies.world\/de\/shop\/dermalfuller\/replengen-20-koerper-und-brust\/#primaryimage\"},\"thumbnailUrl\":\"https:\/\/dermasupplies.world\/wp-content\/uploads\/2024\/02\/replengen-20-body-and-breast-augmentation.jpg\",\"datePublished\":\"2024-02-12T23:43:41+00:00\",\"dateModified\":\"2026-04-06T19:42:16+00:00\",\"breadcrumb\":{\"@id\":\"https:\/\/dermasupplies.world\/de\/shop\/dermalfuller\/replengen-20-koerper-und-brust\/#breadcrumb\"},\"inLanguage\":\"de-DE\",\"potentialAction\":[{\"@type\":\"ReadAction\",\"target\":[\"https:\/\/dermasupplies.world\/de\/shop\/dermalfuller\/replengen-20-koerper-und-brust\/\"]}]},{\"@type\":\"ImageObject\",\"inLanguage\":\"de-DE\",\"@id\":\"https:\/\/dermasupplies.world\/de\/shop\/dermalfuller\/replengen-20-koerper-und-brust\/#primaryimage\",\"url\":\"https:\/\/dermasupplies.world\/wp-content\/uploads\/2024\/02\/replengen-20-body-and-breast-augmentation.jpg\",\"contentUrl\":\"https:\/\/dermasupplies.world\/wp-content\/uploads\/2024\/02\/replengen-20-body-and-breast-augmentation.jpg\",\"width\":800,\"height\":800},{\"@type\":\"BreadcrumbList\",\"@id\":\"https:\/\/dermasupplies.world\/de\/shop\/dermalfuller\/replengen-20-koerper-und-brust\/#breadcrumb\",\"itemListElement\":[{\"@type\":\"ListItem\",\"position\":1,\"name\":\"Home\",\"item\":\"https:\/\/dermasupplies.world\/de\/startseite\/\"},{\"@type\":\"ListItem\",\"position\":2,\"name\":\"Shop\",\"item\":\"https:\/\/dermasupplies.world\/de\/shop\/\"},{\"@type\":\"ListItem\",\"position\":3,\"name\":\"Replengen 20 &#8211; K\u00f6rper und Brust\"}]},{\"@type\":\"WebSite\",\"@id\":\"https:\/\/dermasupplies.world\/de\/#website\",\"url\":\"https:\/\/dermasupplies.world\/de\/\",\"name\":\"dermasupplies.world\",\"description\":\"Besuchen Sie unseren Shop, wo Sie Hautf\u00fcller, Botox- und Mesotherapie-Produkte der besten Marken kaufen k\u00f6nnen\",\"potentialAction\":[{\"@type\":\"SearchAction\",\"target\":{\"@type\":\"EntryPoint\",\"urlTemplate\":\"https:\/\/dermasupplies.world\/de\/?s={search_term_string}\"},\"query-input\":\"required name=search_term_string\"}],\"inLanguage\":\"de-DE\"}]}<\/script>\n<!-- \/ Yoast SEO plugin. -->","yoast_head_json":{"title":"Kaufen Replengen 20 - K\u00f6rper und Brust Lieferant online - Shop f\u00fcr Injektionsprodukte","robots":{"index":"index","follow":"follow","max-snippet":"max-snippet:-1","max-image-preview":"max-image-preview:large","max-video-preview":"max-video-preview:-1"},"canonical":"https:\/\/dermasupplies.world\/de\/shop\/dermalfuller\/replengen-20-koerper-und-brust\/","og_locale":"de_DE","og_type":"article","og_title":"Kaufen Replengen 20 - K\u00f6rper und Brust Lieferant online - Shop f\u00fcr Injektionsprodukte","og_description":"Replengen 20 ist eine n\u00e4hrende Feuchtigkeitscreme f\u00fcr das Gesicht, die mit einem Sonnenschutzmittel mit SPF 20 angereichert ist. Mit feuchtigkeitsspendender Hyalurons\u00e4ure und Vitamin E, das reich an Antioxidantien ist, spendet sie den ganzen Tag lang Feuchtigkeit und bietet einen Breitband-Sonnenschutz. Leicht und nicht fettend, hinterl\u00e4sst sie ein weiches, geschmeidiges Hautgef\u00fchl und sch\u00fctzt vor Umweltstress.","og_url":"https:\/\/dermasupplies.world\/de\/shop\/dermalfuller\/replengen-20-koerper-und-brust\/","og_site_name":"Shop f\u00fcr Injektionsprodukte","article_modified_time":"2026-04-06T19:42:16+00:00","og_image":[{"width":800,"height":800,"url":"https:\/\/dermasupplies.world\/wp-content\/uploads\/2024\/02\/replengen-20-body-and-breast-augmentation.jpg","type":"image\/jpeg"}],"twitter_card":"summary_large_image","twitter_misc":{"Gesch\u00e4tzte Lesezeit":"2 Minuten"},"schema":{"@context":"https:\/\/schema.org","@graph":[{"@type":"WebPage","@id":"https:\/\/dermasupplies.world\/de\/shop\/dermalfuller\/replengen-20-koerper-und-brust\/","url":"https:\/\/dermasupplies.world\/de\/shop\/dermalfuller\/replengen-20-koerper-und-brust\/","name":"Kaufen Replengen 20 - K\u00f6rper und Brust Lieferant online - Shop f\u00fcr Injektionsprodukte","isPartOf":{"@id":"https:\/\/dermasupplies.world\/de\/#website"},"primaryImageOfPage":{"@id":"https:\/\/dermasupplies.world\/de\/shop\/dermalfuller\/replengen-20-koerper-und-brust\/#primaryimage"},"image":{"@id":"https:\/\/dermasupplies.world\/de\/shop\/dermalfuller\/replengen-20-koerper-und-brust\/#primaryimage"},"thumbnailUrl":"https:\/\/dermasupplies.world\/wp-content\/uploads\/2024\/02\/replengen-20-body-and-breast-augmentation.jpg","datePublished":"2024-02-12T23:43:41+00:00","dateModified":"2026-04-06T19:42:16+00:00","breadcrumb":{"@id":"https:\/\/dermasupplies.world\/de\/shop\/dermalfuller\/replengen-20-koerper-und-brust\/#breadcrumb"},"inLanguage":"de-DE","potentialAction":[{"@type":"ReadAction","target":["https:\/\/dermasupplies.world\/de\/shop\/dermalfuller\/replengen-20-koerper-und-brust\/"]}]},{"@type":"ImageObject","inLanguage":"de-DE","@id":"https:\/\/dermasupplies.world\/de\/shop\/dermalfuller\/replengen-20-koerper-und-brust\/#primaryimage","url":"https:\/\/dermasupplies.world\/wp-content\/uploads\/2024\/02\/replengen-20-body-and-breast-augmentation.jpg","contentUrl":"https:\/\/dermasupplies.world\/wp-content\/uploads\/2024\/02\/replengen-20-body-and-breast-augmentation.jpg","width":800,"height":800},{"@type":"BreadcrumbList","@id":"https:\/\/dermasupplies.world\/de\/shop\/dermalfuller\/replengen-20-koerper-und-brust\/#breadcrumb","itemListElement":[{"@type":"ListItem","position":1,"name":"Home","item":"https:\/\/dermasupplies.world\/de\/startseite\/"},{"@type":"ListItem","position":2,"name":"Shop","item":"https:\/\/dermasupplies.world\/de\/shop\/"},{"@type":"ListItem","position":3,"name":"Replengen 20 &#8211; K\u00f6rper und Brust"}]},{"@type":"WebSite","@id":"https:\/\/dermasupplies.world\/de\/#website","url":"https:\/\/dermasupplies.world\/de\/","name":"dermasupplies.world","description":"Besuchen Sie unseren Shop, wo Sie Hautf\u00fcller, Botox- und Mesotherapie-Produkte der besten Marken kaufen k\u00f6nnen","potentialAction":[{"@type":"SearchAction","target":{"@type":"EntryPoint","urlTemplate":"https:\/\/dermasupplies.world\/de\/?s={search_term_string}"},"query-input":"required name=search_term_string"}],"inLanguage":"de-DE"}]}},"_links":{"self":[{"href":"https:\/\/dermasupplies.world\/de\/wp-json\/wp\/v2\/product\/12857"}],"collection":[{"href":"https:\/\/dermasupplies.world\/de\/wp-json\/wp\/v2\/product"}],"about":[{"href":"https:\/\/dermasupplies.world\/de\/wp-json\/wp\/v2\/types\/product"}],"version-history":[{"count":1,"href":"https:\/\/dermasupplies.world\/de\/wp-json\/wp\/v2\/product\/12857\/revisions"}],"predecessor-version":[{"id":16081,"href":"https:\/\/dermasupplies.world\/de\/wp-json\/wp\/v2\/product\/12857\/revisions\/16081"}],"wp:featuredmedia":[{"embeddable":true,"href":"https:\/\/dermasupplies.world\/de\/wp-json\/wp\/v2\/media\/11054"}],"wp:attachment":[{"href":"https:\/\/dermasupplies.world\/de\/wp-json\/wp\/v2\/media?parent=12857"}],"wp:term":[{"taxonomy":"product_cat","embeddable":true,"href":"https:\/\/dermasupplies.world\/de\/wp-json\/wp\/v2\/product_cat?post=12857"},{"taxonomy":"product_tag","embeddable":true,"href":"https:\/\/dermasupplies.world\/de\/wp-json\/wp\/v2\/product_tag?post=12857"}],"curies":[{"name":"wp","href":"https:\/\/api.w.org\/{rel}","templated":true}]}}