{"id":16442,"date":"2025-11-04T10:27:33","date_gmt":"2025-11-04T10:27:33","guid":{"rendered":"https:\/\/dermasupplies.world\/politica-de-privacidad-2\/"},"modified":"2025-11-04T10:27:33","modified_gmt":"2025-11-04T10:27:33","slug":"politica-de-privacidad-2","status":"publish","type":"page","link":"https:\/\/dermasupplies.world\/es\/politica-de-privacidad-2\/","title":{"rendered":"Pol\u00edtica de privacidad"},"content":{"rendered":"<p data-path-to-node=\"3\"><b data-path-to-node=\"3\" data-index-in-node=\"0\">Fecha de entrada en vigor:<\/b> 6 de abril de 2026<\/p>\n<h3 data-path-to-node=\"4\">1. Informaci\u00f3n del responsable del tratamiento<\/h3>\n<p data-path-to-node=\"5\"><b data-path-to-node=\"5\" data-index-in-node=\"0\">Responsable del tratamiento:<\/b> Dermasupplies LLC<\/p>\n<p data-path-to-node=\"5\"><b data-path-to-node=\"5\" data-index-in-node=\"35\">Direcci\u00f3n:<\/b> Unidad 1502, 507 Teheran-ro, Gangnam-gu, Se\u00fal, 06168, Rep\u00fablica de Corea<\/p>\n<p data-path-to-node=\"5\"><b data-path-to-node=\"5\" data-index-in-node=\"115\">Correo electr\u00f3nico:<\/b> info@dermasupplies.world<\/p>\n<h3 data-path-to-node=\"6\">2. Datos que recogemos<\/h3>\n<p data-path-to-node=\"7\">Recogemos principalmente datos de clientes profesionales <b data-path-to-node=\"7\" data-index-in-node=\"31\">de empresa a empresa (B2B<\/b> ). Los tipos de datos personales que recopilamos incluyen: <\/p>\n<ul data-path-to-node=\"8\">\n<li>\n<p data-path-to-node=\"8,0,0\"><b data-path-to-node=\"8,0,0\" data-index-in-node=\"0\">Datos de identidad:<\/b> Nombre, apellidos, t\u00edtulo profesional, nombre de la empresa.<\/p>\n<\/li>\n<li>\n<p data-path-to-node=\"8,1,0\"><b data-path-to-node=\"8,1,0\" data-index-in-node=\"0\">Datos de contacto:<\/b> Direcci\u00f3n de correo electr\u00f3nico, n\u00famero de tel\u00e9fono, direcci\u00f3n de facturaci\u00f3n, direcci\u00f3n de env\u00edo.<\/p>\n<\/li>\n<li>\n<p data-path-to-node=\"8,2,0\"><b data-path-to-node=\"8,2,0\" data-index-in-node=\"0\">Datos de cualificaci\u00f3n profesional:<\/b> N\u00fameros de licencia profesional, credenciales m\u00e9dicas y certificaciones para verificar la elegibilidad para comprar productos regulados (Rellenos D\u00e9rmicos, Botox) seg\u00fan la <b data-path-to-node=\"8,2,0\" data-index-in-node=\"190\">Ley de Servicios M\u00e9dicos<\/b> y la <b data-path-to-node=\"8,2,0\" data-index-in-node=\"214\">Ley de Asuntos Farmac\u00e9uticos<\/b>.<\/p>\n<\/li>\n<li>\n<p data-path-to-node=\"8,3,0\"><b data-path-to-node=\"8,3,0\" data-index-in-node=\"0\">Datos financieros:<\/b> Datos de la transacci\u00f3n de pago (procesados de forma segura por proveedores externos; no almacenamos los datos completos de la tarjeta de pago).<\/p>\n<\/li>\n<li>\n<p data-path-to-node=\"8,4,0\"><b data-path-to-node=\"8,4,0\" data-index-in-node=\"0\">Datos de la transacci\u00f3n:<\/b> Detalles sobre los productos comprados, historial de pedidos y estado del pago.<\/p>\n<\/li>\n<li>\n<p data-path-to-node=\"8,5,0\"><b data-path-to-node=\"8,5,0\" data-index-in-node=\"0\">Datos t\u00e9cnicos:<\/b> Direcci\u00f3n IP, tipo de navegador, tipo de dispositivo y sistema operativo.<\/p>\n<\/li>\n<\/ul>\n<h3 data-path-to-node=\"9\">3. Base jur\u00eddica y finalidad del tratamiento<\/h3>\n<p data-path-to-node=\"10\">Procesamos tus datos de acuerdo con la <b data-path-to-node=\"10\" data-index-in-node=\"51\">Ley<\/b> Coreana <b data-path-to-node=\"10\" data-index-in-node=\"51\">de Protecci\u00f3n de la Informaci\u00f3n Personal (PIPA)<\/b> y las normas internacionales (como el GDPR):<\/p>\n<table data-path-to-node=\"11\">\n<thead>\n<tr>\n<td><strong>Finalidad del tratamiento<\/strong><\/td>\n<td><strong>Base Legal<\/strong><\/td>\n<\/tr>\n<\/thead>\n<tbody>\n<tr>\n<td><span data-path-to-node=\"11,1,0,0\"><b data-path-to-node=\"11,1,0,0\" data-index-in-node=\"0\">Ejecuci\u00f3n del contrato<\/b> (tramitaci\u00f3n de pedidos, env\u00edo, facturaci\u00f3n)<\/span><\/td>\n<td><span data-path-to-node=\"11,1,1,0\">Necesario para la ejecuci\u00f3n de un contrato<\/span><\/td>\n<\/tr>\n<tr>\n<td><span data-path-to-node=\"11,2,0,0\"><b data-path-to-node=\"11,2,0,0\" data-index-in-node=\"0\">Cumplimiento normativo<\/b> (Verificaci\u00f3n de licencias para BOTOX\/rellenos, obligaciones fiscales)<\/span><\/td>\n<td><span data-path-to-node=\"11,2,1,0\">Necesario para el cumplimiento de obligaciones legales<\/span><\/td>\n<\/tr>\n<tr>\n<td><span data-path-to-node=\"11,3,0,0\"><b data-path-to-node=\"11,3,0,0\" data-index-in-node=\"0\">Marketing<\/b> (Env\u00edo de correos electr\u00f3nicos promocionales)<\/span><\/td>\n<td><span data-path-to-node=\"11,3,1,0\">Consentimiento expl\u00edcito del interesado<\/span><\/td>\n<\/tr>\n<tr>\n<td><span data-path-to-node=\"11,4,0,0\"><b data-path-to-node=\"11,4,0,0\" data-index-in-node=\"0\">Inter\u00e9s leg\u00edtimo<\/b> (Prevenci\u00f3n del fraude, seguridad del sitio web)<\/span><\/td>\n<td><span data-path-to-node=\"11,4,1,0\">Necesario a efectos de intereses leg\u00edtimos<\/span><\/td>\n<\/tr>\n<\/tbody>\n<\/table>\n<h3 data-path-to-node=\"12\">4. Disposiciones espec\u00edficas para los productos regulados<\/h3>\n<p data-path-to-node=\"13\">Como distribuidor de productos m\u00e9dicos altamente regulados (BOTOX y Rellenos D\u00e9rmicos) que opera desde la <b data-path-to-node=\"13\" data-index-in-node=\"100\">Rep\u00fablica de Corea<\/b>:<\/p>\n<ul data-path-to-node=\"14\">\n<li>\n<p data-path-to-node=\"14,0,0\"><b data-path-to-node=\"14,0,0\" data-index-in-node=\"0\">Mandato B2B:<\/b> Las ventas est\u00e1n estrictamente limitadas a los profesionales sanitarios autorizados (HCP) o a las entidades m\u00e9dicas autorizadas.<\/p>\n<\/li>\n<li>\n<p data-path-to-node=\"14,1,0\"><b data-path-to-node=\"14,1,0\" data-index-in-node=\"0\">Verificaci\u00f3n obligatoria:<\/b> Al comprar, das tu consentimiento a la recogida y verificaci\u00f3n de licencias profesionales. Se trata de un requisito obligatorio seg\u00fan la legislaci\u00f3n coreana para garantizar la seguridad de la cadena de suministro m\u00e9dico. <\/p>\n<\/li>\n<\/ul>\n<h3 data-path-to-node=\"15\">5. Transferencias internacionales de datos<\/h3>\n<p data-path-to-node=\"16\">Dermasupplies LLC tiene ahora su sede en <b data-path-to-node=\"16\" data-index-in-node=\"42\">Corea del Sur<\/b>.<\/p>\n<ul data-path-to-node=\"17\">\n<li>\n<p data-path-to-node=\"17,0,0\"><b data-path-to-node=\"17,0,0\" data-index-in-node=\"0\">Almacenamiento de datos:<\/b> Tus datos personales se almacenan principalmente en servidores seguros ubicados en la Rep\u00fablica de Corea.<\/p>\n<\/li>\n<li>\n<p data-path-to-node=\"17,1,0\"><b data-path-to-node=\"17,1,0\" data-index-in-node=\"0\">Transferencias transfronterizas:<\/b> Si haces un pedido desde fuera de Corea (por ejemplo, UE, EE.UU.), tus datos pueden ser transferidos internacionalmente para facilitar el env\u00edo y el pago. Utilizamos <b data-path-to-node=\"17,1,0\" data-index-in-node=\"168\">Cl\u00e1usulas Contractuales Tipo (CCT)<\/b> y garantizamos el cumplimiento de los requisitos de la PIPA para las transferencias al extranjero, a fin de mantener un nivel de protecci\u00f3n equivalente a las normas internacionales. <\/p>\n<\/li>\n<\/ul>\n<h3 data-path-to-node=\"18\">6. Tus derechos<\/h3>\n<p data-path-to-node=\"19\">Seg\u00fan <b data-path-to-node=\"19\" data-index-in-node=\"10\">la PIPA (Corea)<\/b> y <b data-path-to-node=\"19\" data-index-in-node=\"27\">el GDPR (Europa)<\/b>, tienes los siguientes derechos:<\/p>\n<ul data-path-to-node=\"20\">\n<li>\n<p data-path-to-node=\"20,0,0\"><b data-path-to-node=\"20,0,0\" data-index-in-node=\"0\">Derecho de acceso:<\/b> Obtener confirmaci\u00f3n y acceso a tus datos procesados.<\/p>\n<\/li>\n<li>\n<p data-path-to-node=\"20,1,0\"><b data-path-to-node=\"20,1,0\" data-index-in-node=\"0\">Derecho de Rectificaci\u00f3n:<\/b> Solicitar la rectificaci\u00f3n de datos inexactos o incompletos.<\/p>\n<\/li>\n<li>\n<p data-path-to-node=\"20,2,0\"><b data-path-to-node=\"20,2,0\" data-index-in-node=\"0\">Derecho de supresi\u00f3n:<\/b> Solicitar la supresi\u00f3n de tus datos (\u00abDerecho al olvido\u00bb), con sujeci\u00f3n a los requisitos legales de conservaci\u00f3n.<\/p>\n<\/li>\n<li>\n<p data-path-to-node=\"20,3,0\"><b data-path-to-node=\"20,3,0\" data-index-in-node=\"0\">Derecho a la suspensi\u00f3n del tratamiento:<\/b> Solicitar que dejemos de tratar tus datos en determinadas circunstancias.<\/p>\n<\/li>\n<li>\n<p data-path-to-node=\"20,4,0\"><b data-path-to-node=\"20,4,0\" data-index-in-node=\"0\">Derecho de oposici\u00f3n:<\/b> Oponerte al tratamiento basado en el inter\u00e9s leg\u00edtimo o en el marketing directo.<\/p>\n<\/li>\n<li>\n<p data-path-to-node=\"20,5,0\"><b data-path-to-node=\"20,5,0\" data-index-in-node=\"0\">Derecho a retirar el consentimiento:<\/b> Revocar el consentimiento en cualquier momento para actividades de marketing.<\/p>\n<\/li>\n<\/ul>\n<p data-path-to-node=\"21\">Para ejercer estos derechos, ponte en contacto con nosotros en <b data-path-to-node=\"21\" data-index-in-node=\"47\">info@dermasupplies.world.<\/b><\/p>\n<h3 data-path-to-node=\"22\">7. Conservaci\u00f3n y destrucci\u00f3n de datos<\/h3>\n<ul data-path-to-node=\"23\">\n<li>\n<p data-path-to-node=\"23,0,0\"><b data-path-to-node=\"23,0,0\" data-index-in-node=\"0\">Conservaci\u00f3n:<\/b> Conservamos los datos personales s\u00f3lo durante el tiempo necesario para cumplir los fines indicados (por ejemplo, 5 a\u00f1os para los registros de transacciones seg\u00fan la legislaci\u00f3n fiscal y comercial coreana).<\/p>\n<\/li>\n<li>\n<p data-path-to-node=\"23,1,0\"><b data-path-to-node=\"23,1,0\" data-index-in-node=\"0\">Destrucci\u00f3n:<\/b> Una vez que expira el periodo de conservaci\u00f3n o los datos ya no son necesarios, los eliminamos de forma segura o anonimizamos la informaci\u00f3n para evitar su recuperaci\u00f3n.<\/p>\n<\/li>\n<\/ul>\n","protected":false},"excerpt":{"rendered":"<p>Fecha de entrada en vigor: 6 de abril de 2026 1. Informaci\u00f3n del responsable del tratamiento Responsable del tratamiento: Dermasupplies LLC Direcci\u00f3n:&hellip;<\/p>\n","protected":false},"author":1,"featured_media":0,"parent":0,"menu_order":0,"comment_status":"closed","ping_status":"closed","template":"","meta":{"om_disable_all_campaigns":false,"_monsterinsights_skip_tracking":false,"_monsterinsights_sitenote_active":false,"_monsterinsights_sitenote_note":"","_monsterinsights_sitenote_category":0,"footnotes":""},"yoast_head":"<!-- This site is optimized with the Yoast SEO plugin v22.3 - https:\/\/yoast.com\/wordpress\/plugins\/seo\/ -->\n<title>Pol\u00edtica de privacidad - Tienda de productos de inyecciones.<\/title>\n<meta name=\"robots\" content=\"index, follow, max-snippet:-1, max-image-preview:large, max-video-preview:-1\" \/>\n<link rel=\"canonical\" href=\"https:\/\/dermasupplies.world\/es\/politica-de-privacidad-2\/\" \/>\n<meta property=\"og:locale\" content=\"es_ES\" \/>\n<meta property=\"og:type\" content=\"article\" \/>\n<meta property=\"og:title\" content=\"Pol\u00edtica de privacidad - Tienda de productos de inyecciones.\" \/>\n<meta property=\"og:description\" content=\"Fecha de entrada en vigor: 6 de abril de 2026 1. Informaci\u00f3n del responsable del tratamiento Responsable del tratamiento: Dermasupplies LLC Direcci\u00f3n:&hellip;\" \/>\n<meta property=\"og:url\" content=\"https:\/\/dermasupplies.world\/es\/politica-de-privacidad-2\/\" \/>\n<meta property=\"og:site_name\" content=\"Tienda de productos de inyecciones.\" \/>\n<meta name=\"twitter:card\" content=\"summary_large_image\" \/>\n<meta name=\"twitter:label1\" content=\"Tiempo de lectura\" \/>\n\t<meta name=\"twitter:data1\" content=\"3 minutos\" \/>\n<script type=\"application\/ld+json\" class=\"yoast-schema-graph\">{\"@context\":\"https:\/\/schema.org\",\"@graph\":[{\"@type\":\"WebPage\",\"@id\":\"https:\/\/dermasupplies.world\/es\/politica-de-privacidad-2\/\",\"url\":\"https:\/\/dermasupplies.world\/es\/politica-de-privacidad-2\/\",\"name\":\"Pol\u00edtica de privacidad - Tienda de productos de inyecciones.\",\"isPartOf\":{\"@id\":\"https:\/\/dermasupplies.world\/es\/#website\"},\"datePublished\":\"2025-11-04T10:27:33+00:00\",\"dateModified\":\"2025-11-04T10:27:33+00:00\",\"breadcrumb\":{\"@id\":\"https:\/\/dermasupplies.world\/es\/politica-de-privacidad-2\/#breadcrumb\"},\"inLanguage\":\"es\",\"potentialAction\":[{\"@type\":\"ReadAction\",\"target\":[\"https:\/\/dermasupplies.world\/es\/politica-de-privacidad-2\/\"]}]},{\"@type\":\"BreadcrumbList\",\"@id\":\"https:\/\/dermasupplies.world\/es\/politica-de-privacidad-2\/#breadcrumb\",\"itemListElement\":[{\"@type\":\"ListItem\",\"position\":1,\"name\":\"Home\",\"item\":\"https:\/\/dermasupplies.world\/es\/inicio\/\"},{\"@type\":\"ListItem\",\"position\":2,\"name\":\"Pol\u00edtica de privacidad\"}]},{\"@type\":\"WebSite\",\"@id\":\"https:\/\/dermasupplies.world\/es\/#website\",\"url\":\"https:\/\/dermasupplies.world\/es\/\",\"name\":\"dermasupplies.world\",\"description\":\"Visita nuestra tienda donde podr\u00e1s comprar las mejores marcas de rellenos d\u00e9rmicos, botox y productos de mesoterapia\",\"potentialAction\":[{\"@type\":\"SearchAction\",\"target\":{\"@type\":\"EntryPoint\",\"urlTemplate\":\"https:\/\/dermasupplies.world\/es\/?s={search_term_string}\"},\"query-input\":\"required name=search_term_string\"}],\"inLanguage\":\"es\"}]}<\/script>\n<!-- \/ Yoast SEO plugin. -->","yoast_head_json":{"title":"Pol\u00edtica de privacidad - Tienda de productos de inyecciones.","robots":{"index":"index","follow":"follow","max-snippet":"max-snippet:-1","max-image-preview":"max-image-preview:large","max-video-preview":"max-video-preview:-1"},"canonical":"https:\/\/dermasupplies.world\/es\/politica-de-privacidad-2\/","og_locale":"es_ES","og_type":"article","og_title":"Pol\u00edtica de privacidad - Tienda de productos de inyecciones.","og_description":"Fecha de entrada en vigor: 6 de abril de 2026 1. Informaci\u00f3n del responsable del tratamiento Responsable del tratamiento: Dermasupplies LLC Direcci\u00f3n:&hellip;","og_url":"https:\/\/dermasupplies.world\/es\/politica-de-privacidad-2\/","og_site_name":"Tienda de productos de inyecciones.","twitter_card":"summary_large_image","twitter_misc":{"Tiempo de lectura":"3 minutos"},"schema":{"@context":"https:\/\/schema.org","@graph":[{"@type":"WebPage","@id":"https:\/\/dermasupplies.world\/es\/politica-de-privacidad-2\/","url":"https:\/\/dermasupplies.world\/es\/politica-de-privacidad-2\/","name":"Pol\u00edtica de privacidad - Tienda de productos de inyecciones.","isPartOf":{"@id":"https:\/\/dermasupplies.world\/es\/#website"},"datePublished":"2025-11-04T10:27:33+00:00","dateModified":"2025-11-04T10:27:33+00:00","breadcrumb":{"@id":"https:\/\/dermasupplies.world\/es\/politica-de-privacidad-2\/#breadcrumb"},"inLanguage":"es","potentialAction":[{"@type":"ReadAction","target":["https:\/\/dermasupplies.world\/es\/politica-de-privacidad-2\/"]}]},{"@type":"BreadcrumbList","@id":"https:\/\/dermasupplies.world\/es\/politica-de-privacidad-2\/#breadcrumb","itemListElement":[{"@type":"ListItem","position":1,"name":"Home","item":"https:\/\/dermasupplies.world\/es\/inicio\/"},{"@type":"ListItem","position":2,"name":"Pol\u00edtica de privacidad"}]},{"@type":"WebSite","@id":"https:\/\/dermasupplies.world\/es\/#website","url":"https:\/\/dermasupplies.world\/es\/","name":"dermasupplies.world","description":"Visita nuestra tienda donde podr\u00e1s comprar las mejores marcas de rellenos d\u00e9rmicos, botox y productos de mesoterapia","potentialAction":[{"@type":"SearchAction","target":{"@type":"EntryPoint","urlTemplate":"https:\/\/dermasupplies.world\/es\/?s={search_term_string}"},"query-input":"required name=search_term_string"}],"inLanguage":"es"}]}},"_links":{"self":[{"href":"https:\/\/dermasupplies.world\/es\/wp-json\/wp\/v2\/pages\/16442"}],"collection":[{"href":"https:\/\/dermasupplies.world\/es\/wp-json\/wp\/v2\/pages"}],"about":[{"href":"https:\/\/dermasupplies.world\/es\/wp-json\/wp\/v2\/types\/page"}],"author":[{"embeddable":true,"href":"https:\/\/dermasupplies.world\/es\/wp-json\/wp\/v2\/users\/1"}],"replies":[{"embeddable":true,"href":"https:\/\/dermasupplies.world\/es\/wp-json\/wp\/v2\/comments?post=16442"}],"version-history":[{"count":0,"href":"https:\/\/dermasupplies.world\/es\/wp-json\/wp\/v2\/pages\/16442\/revisions"}],"wp:attachment":[{"href":"https:\/\/dermasupplies.world\/es\/wp-json\/wp\/v2\/media?parent=16442"}],"curies":[{"name":"wp","href":"https:\/\/api.w.org\/{rel}","templated":true}]}}