{"id":16543,"date":"2026-04-07T04:09:27","date_gmt":"2026-04-07T04:09:27","guid":{"rendered":"https:\/\/dermasupplies.world\/quienes-somos-2\/"},"modified":"2026-04-07T04:09:27","modified_gmt":"2026-04-07T04:09:27","slug":"quienes-somos-2","status":"publish","type":"page","link":"https:\/\/dermasupplies.world\/es\/quienes-somos-2\/","title":{"rendered":"Qui\u00e9nes somos"},"content":{"rendered":"<h4 data-path-to-node=\"4\"><b data-path-to-node=\"4\" data-index-in-node=\"0\">Nuestra experiencia: Precisi\u00f3n en los cuidados est\u00e9ticos<\/b><\/h4>\n<p data-path-to-node=\"5\">En Derma Supplies, tendemos un puente entre la ciencia dermatol\u00f3gica avanzada y la pr\u00e1ctica cl\u00ednica profesional. Entendemos que, en el sector de la est\u00e9tica, la integridad del producto no es s\u00f3lo una norma, sino una necesidad para la seguridad del paciente. Nuestro equipo est\u00e1 formado por profesionales con profundos conocimientos en medicina est\u00e9tica, dedicados a buscar soluciones que cumplan los m\u00e1s altos criterios cl\u00ednicos de seguridad, eficacia e innovaci\u00f3n.<\/p>\n<h4 data-path-to-node=\"6\"><b data-path-to-node=\"6\" data-index-in-node=\"0\">Curando la Excelencia: Nuestro proceso de selecci\u00f3n<\/b><\/h4>\n<p data-path-to-node=\"7\">No s\u00f3lo seleccionamos productos, sino que los examinamos. Nuestro proceso de selecci\u00f3n es riguroso y se centra en soluciones de calidad m\u00e9dica que ofrecen resultados predecibles y de alto rendimiento. Nos asociamos exclusivamente con fabricantes autorizados y l\u00edderes mundiales en dermatolog\u00eda, asegurando una cadena de suministro transparente que garantiza el 100% de autenticidad. Analizando meticulosamente los datos cl\u00ednicos y las opiniones de los profesionales, s\u00f3lo proporcionamos las herramientas que mejoran de forma demostrable la pr\u00e1ctica cl\u00ednica.<\/p>\n<h4 data-path-to-node=\"8\"><b data-path-to-node=\"8\" data-index-in-node=\"0\">Nuestro compromiso con las normas cl\u00ednicas<\/b><\/h4>\n<p data-path-to-node=\"9\">La confianza es la base de la relaci\u00f3n m\u00e9dico-paciente, y es la base de la nuestra. Derma Supplies opera bajo estrictos protocolos de control de calidad:<\/p>\n<ul data-path-to-node=\"10\">\n<li>\n<p data-path-to-node=\"10,0,0\"><b data-path-to-node=\"10,0,0\" data-index-in-node=\"0\">Abastecimiento certificado:<\/b> Verificamos cada lote para garantizar su autenticidad y calidad.<\/p>\n<\/li>\n<li>\n<p data-path-to-node=\"10,1,0\"><b data-path-to-node=\"10,1,0\" data-index-in-node=\"0\">Cumplimiento normativo:<\/b> Cumplimos las normas internacionales de almacenamiento y distribuci\u00f3n para mantener la estabilidad y potencia del producto.<\/p>\n<\/li>\n<li>\n<p data-path-to-node=\"10,2,0\"><b data-path-to-node=\"10,2,0\" data-index-in-node=\"0\">Apoyo experto:<\/b> Nuestro equipo proporciona orientaci\u00f3n informada, asegur\u00e1ndose de que dispones de la documentaci\u00f3n t\u00e9cnica y los conocimientos del producto necesarios para tomar decisiones cl\u00ednicas informadas.<\/p>\n<\/li>\n<\/ul>\n<h4 data-path-to-node=\"11\"><b data-path-to-node=\"11\" data-index-in-node=\"0\">Capacitar a los profesionales<\/b><\/h4>\n<p data-path-to-node=\"12\">Creemos que el \u00e9xito profesional se construye con herramientas fiables y conocimientos expertos. Nuestra misi\u00f3n es capacitar a las cl\u00ednicas y a los profesionales de la est\u00e9tica proporcion\u00e1ndoles una v\u00eda de acceso \u00e1gil, segura y fiable a los suministros est\u00e9ticos m\u00e1s fiables del mundo. Tanto si eres un especialista experimentado como una consulta en crecimiento, Derma Supplies es tu socio para ofrecer resultados excepcionales basados en pruebas.<\/p>\n<p data-path-to-node=\"13\"><b data-path-to-node=\"13\" data-index-in-node=\"0\">El equipo de Derma Supplies<\/b><\/p>\n","protected":false},"excerpt":{"rendered":"<p>Nuestra experiencia: Precisi\u00f3n en los cuidados est\u00e9ticos En Derma Supplies, tendemos un puente entre la ciencia dermatol\u00f3gica avanzada y la pr\u00e1ctica cl\u00ednica&hellip;<\/p>\n","protected":false},"author":1,"featured_media":0,"parent":0,"menu_order":0,"comment_status":"closed","ping_status":"closed","template":"","meta":{"om_disable_all_campaigns":false,"_monsterinsights_skip_tracking":false,"_monsterinsights_sitenote_active":false,"_monsterinsights_sitenote_note":"","_monsterinsights_sitenote_category":0,"footnotes":""},"yoast_head":"<!-- This site is optimized with the Yoast SEO plugin v22.3 - https:\/\/yoast.com\/wordpress\/plugins\/seo\/ -->\n<title>Qui\u00e9nes somos - Tienda de productos de inyecciones.<\/title>\n<meta name=\"robots\" content=\"index, follow, max-snippet:-1, max-image-preview:large, max-video-preview:-1\" \/>\n<link rel=\"canonical\" href=\"https:\/\/dermasupplies.world\/es\/quienes-somos-2\/\" \/>\n<meta property=\"og:locale\" content=\"es_ES\" \/>\n<meta property=\"og:type\" content=\"article\" \/>\n<meta property=\"og:title\" content=\"Qui\u00e9nes somos - Tienda de productos de inyecciones.\" \/>\n<meta property=\"og:description\" content=\"Nuestra experiencia: Precisi\u00f3n en los cuidados est\u00e9ticos En Derma Supplies, tendemos un puente entre la ciencia dermatol\u00f3gica avanzada y la pr\u00e1ctica cl\u00ednica&hellip;\" \/>\n<meta property=\"og:url\" content=\"https:\/\/dermasupplies.world\/es\/quienes-somos-2\/\" \/>\n<meta property=\"og:site_name\" content=\"Tienda de productos de inyecciones.\" \/>\n<meta name=\"twitter:card\" content=\"summary_large_image\" \/>\n<meta name=\"twitter:label1\" content=\"Tiempo de lectura\" \/>\n\t<meta name=\"twitter:data1\" content=\"2 minutos\" \/>\n<script type=\"application\/ld+json\" class=\"yoast-schema-graph\">{\"@context\":\"https:\/\/schema.org\",\"@graph\":[{\"@type\":\"WebPage\",\"@id\":\"https:\/\/dermasupplies.world\/es\/quienes-somos-2\/\",\"url\":\"https:\/\/dermasupplies.world\/es\/quienes-somos-2\/\",\"name\":\"Qui\u00e9nes somos - Tienda de productos de inyecciones.\",\"isPartOf\":{\"@id\":\"https:\/\/dermasupplies.world\/es\/#website\"},\"datePublished\":\"2026-04-07T04:09:27+00:00\",\"dateModified\":\"2026-04-07T04:09:27+00:00\",\"breadcrumb\":{\"@id\":\"https:\/\/dermasupplies.world\/es\/quienes-somos-2\/#breadcrumb\"},\"inLanguage\":\"es\",\"potentialAction\":[{\"@type\":\"ReadAction\",\"target\":[\"https:\/\/dermasupplies.world\/es\/quienes-somos-2\/\"]}]},{\"@type\":\"BreadcrumbList\",\"@id\":\"https:\/\/dermasupplies.world\/es\/quienes-somos-2\/#breadcrumb\",\"itemListElement\":[{\"@type\":\"ListItem\",\"position\":1,\"name\":\"Home\",\"item\":\"https:\/\/dermasupplies.world\/es\/inicio\/\"},{\"@type\":\"ListItem\",\"position\":2,\"name\":\"Qui\u00e9nes somos\"}]},{\"@type\":\"WebSite\",\"@id\":\"https:\/\/dermasupplies.world\/es\/#website\",\"url\":\"https:\/\/dermasupplies.world\/es\/\",\"name\":\"dermasupplies.world\",\"description\":\"Visita nuestra tienda donde podr\u00e1s comprar las mejores marcas de rellenos d\u00e9rmicos, botox y productos de mesoterapia\",\"potentialAction\":[{\"@type\":\"SearchAction\",\"target\":{\"@type\":\"EntryPoint\",\"urlTemplate\":\"https:\/\/dermasupplies.world\/es\/?s={search_term_string}\"},\"query-input\":\"required name=search_term_string\"}],\"inLanguage\":\"es\"}]}<\/script>\n<!-- \/ Yoast SEO plugin. -->","yoast_head_json":{"title":"Qui\u00e9nes somos - Tienda de productos de inyecciones.","robots":{"index":"index","follow":"follow","max-snippet":"max-snippet:-1","max-image-preview":"max-image-preview:large","max-video-preview":"max-video-preview:-1"},"canonical":"https:\/\/dermasupplies.world\/es\/quienes-somos-2\/","og_locale":"es_ES","og_type":"article","og_title":"Qui\u00e9nes somos - Tienda de productos de inyecciones.","og_description":"Nuestra experiencia: Precisi\u00f3n en los cuidados est\u00e9ticos En Derma Supplies, tendemos un puente entre la ciencia dermatol\u00f3gica avanzada y la pr\u00e1ctica cl\u00ednica&hellip;","og_url":"https:\/\/dermasupplies.world\/es\/quienes-somos-2\/","og_site_name":"Tienda de productos de inyecciones.","twitter_card":"summary_large_image","twitter_misc":{"Tiempo de lectura":"2 minutos"},"schema":{"@context":"https:\/\/schema.org","@graph":[{"@type":"WebPage","@id":"https:\/\/dermasupplies.world\/es\/quienes-somos-2\/","url":"https:\/\/dermasupplies.world\/es\/quienes-somos-2\/","name":"Qui\u00e9nes somos - Tienda de productos de inyecciones.","isPartOf":{"@id":"https:\/\/dermasupplies.world\/es\/#website"},"datePublished":"2026-04-07T04:09:27+00:00","dateModified":"2026-04-07T04:09:27+00:00","breadcrumb":{"@id":"https:\/\/dermasupplies.world\/es\/quienes-somos-2\/#breadcrumb"},"inLanguage":"es","potentialAction":[{"@type":"ReadAction","target":["https:\/\/dermasupplies.world\/es\/quienes-somos-2\/"]}]},{"@type":"BreadcrumbList","@id":"https:\/\/dermasupplies.world\/es\/quienes-somos-2\/#breadcrumb","itemListElement":[{"@type":"ListItem","position":1,"name":"Home","item":"https:\/\/dermasupplies.world\/es\/inicio\/"},{"@type":"ListItem","position":2,"name":"Qui\u00e9nes somos"}]},{"@type":"WebSite","@id":"https:\/\/dermasupplies.world\/es\/#website","url":"https:\/\/dermasupplies.world\/es\/","name":"dermasupplies.world","description":"Visita nuestra tienda donde podr\u00e1s comprar las mejores marcas de rellenos d\u00e9rmicos, botox y productos de mesoterapia","potentialAction":[{"@type":"SearchAction","target":{"@type":"EntryPoint","urlTemplate":"https:\/\/dermasupplies.world\/es\/?s={search_term_string}"},"query-input":"required name=search_term_string"}],"inLanguage":"es"}]}},"_links":{"self":[{"href":"https:\/\/dermasupplies.world\/es\/wp-json\/wp\/v2\/pages\/16543"}],"collection":[{"href":"https:\/\/dermasupplies.world\/es\/wp-json\/wp\/v2\/pages"}],"about":[{"href":"https:\/\/dermasupplies.world\/es\/wp-json\/wp\/v2\/types\/page"}],"author":[{"embeddable":true,"href":"https:\/\/dermasupplies.world\/es\/wp-json\/wp\/v2\/users\/1"}],"replies":[{"embeddable":true,"href":"https:\/\/dermasupplies.world\/es\/wp-json\/wp\/v2\/comments?post=16543"}],"version-history":[{"count":0,"href":"https:\/\/dermasupplies.world\/es\/wp-json\/wp\/v2\/pages\/16543\/revisions"}],"wp:attachment":[{"href":"https:\/\/dermasupplies.world\/es\/wp-json\/wp\/v2\/media?parent=16543"}],"curies":[{"name":"wp","href":"https:\/\/api.w.org\/{rel}","templated":true}]}}