{"id":16541,"date":"2026-04-07T04:09:27","date_gmt":"2026-04-07T04:09:27","guid":{"rendered":"https:\/\/dermasupplies.world\/a-propos-de-nous-2\/"},"modified":"2026-04-07T04:09:27","modified_gmt":"2026-04-07T04:09:27","slug":"a-propos-de-nous-2","status":"publish","type":"page","link":"https:\/\/dermasupplies.world\/fr\/a-propos-de-nous-2\/","title":{"rendered":"A propos de nous"},"content":{"rendered":"<h4 data-path-to-node=\"4\"><b data-path-to-node=\"4\" data-index-in-node=\"0\">Notre expertise : La pr\u00e9cision des soins esth\u00e9tiques<\/b><\/h4>\n<p data-path-to-node=\"5\">Chez Derma Supplies, nous comblons le foss\u00e9 entre la science dermatologique avanc\u00e9e et la pratique clinique professionnelle. Nous comprenons que dans l&rsquo;industrie esth\u00e9tique, l&rsquo;int\u00e9grit\u00e9 des produits n&rsquo;est pas seulement une norme, c&rsquo;est une n\u00e9cessit\u00e9 pour la s\u00e9curit\u00e9 des patients. Notre \u00e9quipe est compos\u00e9e de professionnels poss\u00e9dant des connaissances approfondies en m\u00e9decine esth\u00e9tique, qui se consacrent \u00e0 la recherche de solutions r\u00e9pondant aux crit\u00e8res cliniques les plus \u00e9lev\u00e9s en mati\u00e8re de s\u00e9curit\u00e9, d&rsquo;efficacit\u00e9 et d&rsquo;innovation.  <\/p>\n<h4 data-path-to-node=\"6\"><b data-path-to-node=\"6\" data-index-in-node=\"0\">La conservation de l&rsquo;excellence : Notre processus de s\u00e9lection<\/b><\/h4>\n<p data-path-to-node=\"7\">Nous ne nous contentons pas de s\u00e9lectionner des produits, nous les passons au crible. Notre processus de s\u00e9lection est rigoureux et se concentre sur des solutions de qualit\u00e9 m\u00e9dicale qui offrent des r\u00e9sultats pr\u00e9visibles et performants. Nous travaillons exclusivement avec des fabricants agr\u00e9\u00e9s et des leaders mondiaux de la dermatologie, assurant ainsi une cha\u00eene d&rsquo;approvisionnement transparente qui garantit l&rsquo;authenticit\u00e9 \u00e0 100 %. En analysant m\u00e9ticuleusement les donn\u00e9es cliniques et les commentaires des praticiens, nous ne fournissons que les outils qui am\u00e9liorent manifestement la pratique clinique.   <\/p>\n<h4 data-path-to-node=\"8\"><b data-path-to-node=\"8\" data-index-in-node=\"0\">Notre engagement en faveur des normes cliniques<\/b><\/h4>\n<p data-path-to-node=\"9\">La confiance est le fondement de la relation praticien-patient, et elle est le fondement de la n\u00f4tre. Derma Supplies applique des protocoles stricts de contr\u00f4le de la qualit\u00e9 : <\/p>\n<ul data-path-to-node=\"10\">\n<li>\n<p data-path-to-node=\"10,0,0\"><b data-path-to-node=\"10,0,0\" data-index-in-node=\"0\">Approvisionnement certifi\u00e9 :<\/b> Nous v\u00e9rifions l&rsquo;authenticit\u00e9 et la qualit\u00e9 de chaque lot.<\/p>\n<\/li>\n<li>\n<p data-path-to-node=\"10,1,0\"><b data-path-to-node=\"10,1,0\" data-index-in-node=\"0\">Conformit\u00e9 r\u00e9glementaire :<\/b> Nous respectons les normes internationales de stockage et de distribution afin de pr\u00e9server la stabilit\u00e9 et l&rsquo;efficacit\u00e9 des produits.<\/p>\n<\/li>\n<li>\n<p data-path-to-node=\"10,2,0\"><b data-path-to-node=\"10,2,0\" data-index-in-node=\"0\">Soutien d&rsquo;experts :<\/b> Notre \u00e9quipe fournit des conseils avis\u00e9s, en veillant \u00e0 ce que vous disposiez de la documentation technique et des informations sur les produits n\u00e9cessaires \u00e0 une prise de d\u00e9cision clinique \u00e9clair\u00e9e.<\/p>\n<\/li>\n<\/ul>\n<h4 data-path-to-node=\"11\"><b data-path-to-node=\"11\" data-index-in-node=\"0\">Responsabiliser les praticiens<\/b><\/h4>\n<p data-path-to-node=\"12\">Nous sommes convaincus que la r\u00e9ussite professionnelle repose sur des outils fiables et des connaissances d&rsquo;expert. Notre mission est d&rsquo;aider les cliniques et les praticiens de l&rsquo;esth\u00e9tique en leur offrant un acc\u00e8s simplifi\u00e9, s\u00e9curis\u00e9 et fiable aux fournitures esth\u00e9tiques les plus r\u00e9put\u00e9es au monde. Que vous soyez un sp\u00e9cialiste chevronn\u00e9 ou un cabinet en pleine expansion, Derma Supplies est votre partenaire pour obtenir des r\u00e9sultats exceptionnels, fond\u00e9s sur des preuves.  <\/p>\n<p data-path-to-node=\"13\"><b data-path-to-node=\"13\" data-index-in-node=\"0\">L&rsquo;\u00e9quipe de Derma Supplies<\/b><\/p>\n","protected":false},"excerpt":{"rendered":"<p>Notre expertise : La pr\u00e9cision des soins esth\u00e9tiques Chez Derma Supplies, nous comblons le foss\u00e9 entre la science dermatologique avanc\u00e9e et la&hellip;<\/p>\n","protected":false},"author":1,"featured_media":0,"parent":0,"menu_order":0,"comment_status":"closed","ping_status":"closed","template":"","meta":{"om_disable_all_campaigns":false,"_monsterinsights_skip_tracking":false,"_monsterinsights_sitenote_active":false,"_monsterinsights_sitenote_note":"","_monsterinsights_sitenote_category":0,"footnotes":""},"yoast_head":"<!-- This site is optimized with the Yoast SEO plugin v22.3 - https:\/\/yoast.com\/wordpress\/plugins\/seo\/ -->\n<title>A propos de nous - Boutique de produits d&#039;injection<\/title>\n<meta name=\"robots\" content=\"index, follow, max-snippet:-1, max-image-preview:large, max-video-preview:-1\" \/>\n<link rel=\"canonical\" href=\"https:\/\/dermasupplies.world\/fr\/a-propos-de-nous-2\/\" \/>\n<meta property=\"og:locale\" content=\"fr_FR\" \/>\n<meta property=\"og:type\" content=\"article\" \/>\n<meta property=\"og:title\" content=\"A propos de nous - Boutique de produits d&#039;injection\" \/>\n<meta property=\"og:description\" content=\"Notre expertise : La pr\u00e9cision des soins esth\u00e9tiques Chez Derma Supplies, nous comblons le foss\u00e9 entre la science dermatologique avanc\u00e9e et la&hellip;\" \/>\n<meta property=\"og:url\" content=\"https:\/\/dermasupplies.world\/fr\/a-propos-de-nous-2\/\" \/>\n<meta property=\"og:site_name\" content=\"Boutique de produits d&#039;injection\" \/>\n<meta name=\"twitter:card\" content=\"summary_large_image\" \/>\n<meta name=\"twitter:label1\" content=\"Dur\u00e9e de lecture estim\u00e9e\" \/>\n\t<meta name=\"twitter:data1\" content=\"2 minutes\" \/>\n<script type=\"application\/ld+json\" class=\"yoast-schema-graph\">{\"@context\":\"https:\/\/schema.org\",\"@graph\":[{\"@type\":\"WebPage\",\"@id\":\"https:\/\/dermasupplies.world\/fr\/a-propos-de-nous-2\/\",\"url\":\"https:\/\/dermasupplies.world\/fr\/a-propos-de-nous-2\/\",\"name\":\"A propos de nous - Boutique de produits d'injection\",\"isPartOf\":{\"@id\":\"https:\/\/dermasupplies.world\/fr\/#website\"},\"datePublished\":\"2026-04-07T04:09:27+00:00\",\"dateModified\":\"2026-04-07T04:09:27+00:00\",\"breadcrumb\":{\"@id\":\"https:\/\/dermasupplies.world\/fr\/a-propos-de-nous-2\/#breadcrumb\"},\"inLanguage\":\"fr-FR\",\"potentialAction\":[{\"@type\":\"ReadAction\",\"target\":[\"https:\/\/dermasupplies.world\/fr\/a-propos-de-nous-2\/\"]}]},{\"@type\":\"BreadcrumbList\",\"@id\":\"https:\/\/dermasupplies.world\/fr\/a-propos-de-nous-2\/#breadcrumb\",\"itemListElement\":[{\"@type\":\"ListItem\",\"position\":1,\"name\":\"Home\",\"item\":\"https:\/\/dermasupplies.world\/fr\/accueil\/\"},{\"@type\":\"ListItem\",\"position\":2,\"name\":\"A propos de nous\"}]},{\"@type\":\"WebSite\",\"@id\":\"https:\/\/dermasupplies.world\/fr\/#website\",\"url\":\"https:\/\/dermasupplies.world\/fr\/\",\"name\":\"dermasupplies.world\",\"description\":\"Visitez notre boutique o\u00f9 vous pouvez acheter les meilleures marques de produits de comblement cutan\u00e9, de botox et de produits de m\u00e9soth\u00e9rapie.\",\"potentialAction\":[{\"@type\":\"SearchAction\",\"target\":{\"@type\":\"EntryPoint\",\"urlTemplate\":\"https:\/\/dermasupplies.world\/fr\/?s={search_term_string}\"},\"query-input\":\"required name=search_term_string\"}],\"inLanguage\":\"fr-FR\"}]}<\/script>\n<!-- \/ Yoast SEO plugin. -->","yoast_head_json":{"title":"A propos de nous - Boutique de produits d'injection","robots":{"index":"index","follow":"follow","max-snippet":"max-snippet:-1","max-image-preview":"max-image-preview:large","max-video-preview":"max-video-preview:-1"},"canonical":"https:\/\/dermasupplies.world\/fr\/a-propos-de-nous-2\/","og_locale":"fr_FR","og_type":"article","og_title":"A propos de nous - Boutique de produits d'injection","og_description":"Notre expertise : La pr\u00e9cision des soins esth\u00e9tiques Chez Derma Supplies, nous comblons le foss\u00e9 entre la science dermatologique avanc\u00e9e et la&hellip;","og_url":"https:\/\/dermasupplies.world\/fr\/a-propos-de-nous-2\/","og_site_name":"Boutique de produits d'injection","twitter_card":"summary_large_image","twitter_misc":{"Dur\u00e9e de lecture estim\u00e9e":"2 minutes"},"schema":{"@context":"https:\/\/schema.org","@graph":[{"@type":"WebPage","@id":"https:\/\/dermasupplies.world\/fr\/a-propos-de-nous-2\/","url":"https:\/\/dermasupplies.world\/fr\/a-propos-de-nous-2\/","name":"A propos de nous - Boutique de produits d'injection","isPartOf":{"@id":"https:\/\/dermasupplies.world\/fr\/#website"},"datePublished":"2026-04-07T04:09:27+00:00","dateModified":"2026-04-07T04:09:27+00:00","breadcrumb":{"@id":"https:\/\/dermasupplies.world\/fr\/a-propos-de-nous-2\/#breadcrumb"},"inLanguage":"fr-FR","potentialAction":[{"@type":"ReadAction","target":["https:\/\/dermasupplies.world\/fr\/a-propos-de-nous-2\/"]}]},{"@type":"BreadcrumbList","@id":"https:\/\/dermasupplies.world\/fr\/a-propos-de-nous-2\/#breadcrumb","itemListElement":[{"@type":"ListItem","position":1,"name":"Home","item":"https:\/\/dermasupplies.world\/fr\/accueil\/"},{"@type":"ListItem","position":2,"name":"A propos de nous"}]},{"@type":"WebSite","@id":"https:\/\/dermasupplies.world\/fr\/#website","url":"https:\/\/dermasupplies.world\/fr\/","name":"dermasupplies.world","description":"Visitez notre boutique o\u00f9 vous pouvez acheter les meilleures marques de produits de comblement cutan\u00e9, de botox et de produits de m\u00e9soth\u00e9rapie.","potentialAction":[{"@type":"SearchAction","target":{"@type":"EntryPoint","urlTemplate":"https:\/\/dermasupplies.world\/fr\/?s={search_term_string}"},"query-input":"required name=search_term_string"}],"inLanguage":"fr-FR"}]}},"_links":{"self":[{"href":"https:\/\/dermasupplies.world\/fr\/wp-json\/wp\/v2\/pages\/16541"}],"collection":[{"href":"https:\/\/dermasupplies.world\/fr\/wp-json\/wp\/v2\/pages"}],"about":[{"href":"https:\/\/dermasupplies.world\/fr\/wp-json\/wp\/v2\/types\/page"}],"author":[{"embeddable":true,"href":"https:\/\/dermasupplies.world\/fr\/wp-json\/wp\/v2\/users\/1"}],"replies":[{"embeddable":true,"href":"https:\/\/dermasupplies.world\/fr\/wp-json\/wp\/v2\/comments?post=16541"}],"version-history":[{"count":0,"href":"https:\/\/dermasupplies.world\/fr\/wp-json\/wp\/v2\/pages\/16541\/revisions"}],"wp:attachment":[{"href":"https:\/\/dermasupplies.world\/fr\/wp-json\/wp\/v2\/media?parent=16541"}],"curies":[{"name":"wp","href":"https:\/\/api.w.org\/{rel}","templated":true}]}}