{"id":12829,"date":"2024-02-12T02:34:21","date_gmt":"2024-02-12T02:34:21","guid":{"rendered":"https:\/\/sarahandbendrix.com\/product\/neuramis-lidocaine\/"},"modified":"2026-04-06T19:41:19","modified_gmt":"2026-04-06T19:41:19","slug":"neuramis-lidocaine","status":"publish","type":"product","link":"https:\/\/dermasupplies.world\/fr\/shop\/produits-de-comblement-dermique\/neuramis-lidocaine\/","title":{"rendered":"Neuramis Lidocaine"},"content":{"rendered":"<p><strong>Vue d&rsquo;ensemble :<\/strong> Neuramis Lidocaine est un produit de comblement dermique avanc\u00e9 infus\u00e9 de lidoca\u00efne pour un meilleur confort pendant le traitement. Formul\u00e9 avec de l&rsquo;acide hyaluronique, il permet d&rsquo;obtenir des r\u00e9sultats d&rsquo;apparence naturelle avec un minimum d&rsquo;inconfort. <\/p>\n<p><strong>Caract\u00e9ristiques principales :<\/strong><\/p>\n<ol>\n<li><strong>R\u00e9duction de la douleur :<\/strong> Neuramis Lidocaine contient de la lidoca\u00efne, un anesth\u00e9sique local, pour minimiser l&rsquo;inconfort et la douleur lors de l&rsquo;injection, assurant ainsi une exp\u00e9rience plus confortable pour les patients.<\/li>\n<li><strong>Des r\u00e9sultats d&rsquo;apparence naturelle :<\/strong> Gr\u00e2ce \u00e0 sa formulation avanc\u00e9e, Neuramis Lidocaine donne des r\u00e9sultats lisses et naturels, am\u00e9liorant les contours du visage et rajeunissant l&rsquo;apparence.<\/li>\n<li><strong>Effets durables :<\/strong> Gr\u00e2ce \u00e0 ses mol\u00e9cules d&rsquo;acide hyaluronique r\u00e9ticul\u00e9es, Neuramis Lidocaine offre des effets durables, maintenant le volume et la d\u00e9finition jusqu&rsquo;\u00e0 12 mois ou plus.<\/li>\n<li><strong>Application polyvalente :<\/strong> Neuramis Lidocaine peut \u00eatre utilis\u00e9 dans diff\u00e9rentes zones du visage, ce qui permet un rajeunissement complet du visage avec un minimum d&rsquo;inconfort.<\/li>\n<\/ol>\n<p><strong>Proc\u00e9dure:<\/strong><\/p>\n<p>Le traitement par Neuramis Lidocaine doit \u00eatre administr\u00e9 par un professionnel de sant\u00e9 qualifi\u00e9 et exp\u00e9riment\u00e9 dans les injections de produits de comblement dermique. La proc\u00e9dure implique g\u00e9n\u00e9ralement :<\/p>\n<ol>\n<li><strong>Consultation:<\/strong> \u00c9valuer les ant\u00e9c\u00e9dents m\u00e9dicaux et les objectifs esth\u00e9tiques du patient afin de d\u00e9terminer l\u2019aptitude au traitement.<\/li>\n<li><strong>Pr\u00e9paration:<\/strong> Nettoyer la zone de traitement et appliquer une cr\u00e8me anesth\u00e9siante topique, si n\u00e9cessaire, pour plus de confort.<\/li>\n<li><strong>Injection :<\/strong> L&rsquo;administration de Neuramis Lidocaine \u00e0 l&rsquo;aide d&rsquo;une aiguille fine pour cibler des zones sp\u00e9cifiques et obtenir un volume et un contour optimaux.<\/li>\n<li><strong>Masser:<\/strong> Masser doucement les zones trait\u00e9es pour assurer une r\u00e9partition uniforme du produit de comblement et des r\u00e9sultats d\u2019apparence naturelle.<\/li>\n<li><strong>Soins post-traitement :<\/strong> Fournir des instructions post-traitement pour minimiser l\u2019enflure et l\u2019inconfort, et planifier des rendez-vous de suivi pour l\u2019entretien.<\/li>\n<\/ol>\n<p><strong>R\u00e9sultats:<\/strong><\/p>\n<p>Les patients peuvent s&rsquo;attendre \u00e0 une am\u00e9lioration imm\u00e9diate du volume et des contours du visage apr\u00e8s le traitement \u00e0 la lidoca\u00efne Neuramis. Les r\u00e9sultats sont naturels et durables, jusqu&rsquo;\u00e0 12 mois ou plus, en fonction des facteurs individuels. <\/p>\n<p><strong>S\u00e9curit\u00e9:<\/strong><\/p>\n<p>Neuramis Lidocaine est fabriqu\u00e9 \u00e0 l&rsquo;aide d&rsquo;une technologie de pointe et fait l&rsquo;objet de mesures de contr\u00f4le de qualit\u00e9 rigoureuses afin de garantir sa s\u00e9curit\u00e9 et son efficacit\u00e9. Cependant, les patients doivent \u00eatre conscients des risques et des effets secondaires potentiels, qui doivent \u00eatre discut\u00e9s avec leur fournisseur de soins de sant\u00e9 avant le traitement.<\/p>\n<p><strong>Conclusion :<\/strong><\/p>\n<p>Neuramis Lidocaine Dermal Filler offre une solution fiable pour restaurer le volume et les contours du visage avec un confort accru pendant le traitement. Avec ses r\u00e9sultats d&rsquo;apparence naturelle et ses effets durables, Neuramis Lidocaine est un choix privil\u00e9gi\u00e9 pour les patients qui recherchent des traitements complets de rajeunissement du visage. <\/p>\n","protected":false},"excerpt":{"rendered":"<p>Neuramis Lidocaine est un produit de comblement dermique avanc\u00e9 infus\u00e9 de lidoca\u00efne pour un confort accru pendant le traitement. Avec ses r\u00e9sultats d&rsquo;apparence naturelle et ses effets durables, il offre un rajeunissement complet du visage avec un minimum d&rsquo;inconfort. <\/p>\n","protected":false},"featured_media":10920,"template":"","meta":{"om_disable_all_campaigns":false,"_monsterinsights_skip_tracking":false,"_monsterinsights_sitenote_active":false,"_monsterinsights_sitenote_note":"","_monsterinsights_sitenote_category":0},"product_cat":[243],"product_tag":[],"yoast_head":"<!-- This site is optimized with the Yoast SEO plugin v22.3 - https:\/\/yoast.com\/wordpress\/plugins\/seo\/ -->\n<title>Acheter Neuramis Lidocaine Fournisseur en ligne - Boutique de produits d&#039;injection<\/title>\n<meta name=\"robots\" content=\"index, follow, max-snippet:-1, max-image-preview:large, max-video-preview:-1\" \/>\n<link rel=\"canonical\" href=\"https:\/\/dermasupplies.world\/fr\/shop\/produits-de-comblement-dermique\/neuramis-lidocaine\/\" \/>\n<meta property=\"og:locale\" content=\"fr_FR\" \/>\n<meta property=\"og:type\" content=\"article\" \/>\n<meta property=\"og:title\" content=\"Acheter Neuramis Lidocaine Fournisseur en ligne - Boutique de produits d&#039;injection\" \/>\n<meta property=\"og:description\" content=\"Neuramis Lidocaine est un produit de comblement dermique avanc\u00e9 infus\u00e9 de lidoca\u00efne pour un confort accru pendant le traitement. Avec ses r\u00e9sultats d&#039;apparence naturelle et ses effets durables, il offre un rajeunissement complet du visage avec un minimum d&#039;inconfort.\" \/>\n<meta property=\"og:url\" content=\"https:\/\/dermasupplies.world\/fr\/shop\/produits-de-comblement-dermique\/neuramis-lidocaine\/\" \/>\n<meta property=\"og:site_name\" content=\"Boutique de produits d&#039;injection\" \/>\n<meta property=\"article:modified_time\" content=\"2026-04-06T19:41:19+00:00\" \/>\n<meta property=\"og:image\" content=\"https:\/\/dermasupplies.world\/wp-content\/uploads\/2024\/02\/Neuramis-Lidocaine.jpg\" \/>\n\t<meta property=\"og:image:width\" content=\"600\" \/>\n\t<meta property=\"og:image:height\" content=\"600\" \/>\n\t<meta property=\"og:image:type\" content=\"image\/jpeg\" \/>\n<meta name=\"twitter:card\" content=\"summary_large_image\" \/>\n<meta name=\"twitter:label1\" content=\"Dur\u00e9e de lecture estim\u00e9e\" \/>\n\t<meta name=\"twitter:data1\" content=\"2 minutes\" \/>\n<script type=\"application\/ld+json\" class=\"yoast-schema-graph\">{\"@context\":\"https:\/\/schema.org\",\"@graph\":[{\"@type\":\"WebPage\",\"@id\":\"https:\/\/dermasupplies.world\/fr\/shop\/produits-de-comblement-dermique\/neuramis-lidocaine\/\",\"url\":\"https:\/\/dermasupplies.world\/fr\/shop\/produits-de-comblement-dermique\/neuramis-lidocaine\/\",\"name\":\"Acheter Neuramis Lidocaine Fournisseur en ligne - Boutique de produits d'injection\",\"isPartOf\":{\"@id\":\"https:\/\/dermasupplies.world\/fr\/#website\"},\"primaryImageOfPage\":{\"@id\":\"https:\/\/dermasupplies.world\/fr\/shop\/produits-de-comblement-dermique\/neuramis-lidocaine\/#primaryimage\"},\"image\":{\"@id\":\"https:\/\/dermasupplies.world\/fr\/shop\/produits-de-comblement-dermique\/neuramis-lidocaine\/#primaryimage\"},\"thumbnailUrl\":\"https:\/\/dermasupplies.world\/wp-content\/uploads\/2024\/02\/Neuramis-Lidocaine.jpg\",\"datePublished\":\"2024-02-12T02:34:21+00:00\",\"dateModified\":\"2026-04-06T19:41:19+00:00\",\"breadcrumb\":{\"@id\":\"https:\/\/dermasupplies.world\/fr\/shop\/produits-de-comblement-dermique\/neuramis-lidocaine\/#breadcrumb\"},\"inLanguage\":\"fr-FR\",\"potentialAction\":[{\"@type\":\"ReadAction\",\"target\":[\"https:\/\/dermasupplies.world\/fr\/shop\/produits-de-comblement-dermique\/neuramis-lidocaine\/\"]}]},{\"@type\":\"ImageObject\",\"inLanguage\":\"fr-FR\",\"@id\":\"https:\/\/dermasupplies.world\/fr\/shop\/produits-de-comblement-dermique\/neuramis-lidocaine\/#primaryimage\",\"url\":\"https:\/\/dermasupplies.world\/wp-content\/uploads\/2024\/02\/Neuramis-Lidocaine.jpg\",\"contentUrl\":\"https:\/\/dermasupplies.world\/wp-content\/uploads\/2024\/02\/Neuramis-Lidocaine.jpg\",\"width\":600,\"height\":600},{\"@type\":\"BreadcrumbList\",\"@id\":\"https:\/\/dermasupplies.world\/fr\/shop\/produits-de-comblement-dermique\/neuramis-lidocaine\/#breadcrumb\",\"itemListElement\":[{\"@type\":\"ListItem\",\"position\":1,\"name\":\"Home\",\"item\":\"https:\/\/dermasupplies.world\/fr\/accueil\/\"},{\"@type\":\"ListItem\",\"position\":2,\"name\":\"Boutique\",\"item\":\"https:\/\/dermasupplies.world\/fr\/boutique\/\"},{\"@type\":\"ListItem\",\"position\":3,\"name\":\"Neuramis Lidocaine\"}]},{\"@type\":\"WebSite\",\"@id\":\"https:\/\/dermasupplies.world\/fr\/#website\",\"url\":\"https:\/\/dermasupplies.world\/fr\/\",\"name\":\"dermasupplies.world\",\"description\":\"Visitez notre boutique o\u00f9 vous pouvez acheter les meilleures marques de produits de comblement cutan\u00e9, de botox et de produits de m\u00e9soth\u00e9rapie.\",\"potentialAction\":[{\"@type\":\"SearchAction\",\"target\":{\"@type\":\"EntryPoint\",\"urlTemplate\":\"https:\/\/dermasupplies.world\/fr\/?s={search_term_string}\"},\"query-input\":\"required name=search_term_string\"}],\"inLanguage\":\"fr-FR\"}]}<\/script>\n<!-- \/ Yoast SEO plugin. -->","yoast_head_json":{"title":"Acheter Neuramis Lidocaine Fournisseur en ligne - Boutique de produits d'injection","robots":{"index":"index","follow":"follow","max-snippet":"max-snippet:-1","max-image-preview":"max-image-preview:large","max-video-preview":"max-video-preview:-1"},"canonical":"https:\/\/dermasupplies.world\/fr\/shop\/produits-de-comblement-dermique\/neuramis-lidocaine\/","og_locale":"fr_FR","og_type":"article","og_title":"Acheter Neuramis Lidocaine Fournisseur en ligne - Boutique de produits d'injection","og_description":"Neuramis Lidocaine est un produit de comblement dermique avanc\u00e9 infus\u00e9 de lidoca\u00efne pour un confort accru pendant le traitement. Avec ses r\u00e9sultats d'apparence naturelle et ses effets durables, il offre un rajeunissement complet du visage avec un minimum d'inconfort.","og_url":"https:\/\/dermasupplies.world\/fr\/shop\/produits-de-comblement-dermique\/neuramis-lidocaine\/","og_site_name":"Boutique de produits d'injection","article_modified_time":"2026-04-06T19:41:19+00:00","og_image":[{"width":600,"height":600,"url":"https:\/\/dermasupplies.world\/wp-content\/uploads\/2024\/02\/Neuramis-Lidocaine.jpg","type":"image\/jpeg"}],"twitter_card":"summary_large_image","twitter_misc":{"Dur\u00e9e de lecture estim\u00e9e":"2 minutes"},"schema":{"@context":"https:\/\/schema.org","@graph":[{"@type":"WebPage","@id":"https:\/\/dermasupplies.world\/fr\/shop\/produits-de-comblement-dermique\/neuramis-lidocaine\/","url":"https:\/\/dermasupplies.world\/fr\/shop\/produits-de-comblement-dermique\/neuramis-lidocaine\/","name":"Acheter Neuramis Lidocaine Fournisseur en ligne - Boutique de produits d'injection","isPartOf":{"@id":"https:\/\/dermasupplies.world\/fr\/#website"},"primaryImageOfPage":{"@id":"https:\/\/dermasupplies.world\/fr\/shop\/produits-de-comblement-dermique\/neuramis-lidocaine\/#primaryimage"},"image":{"@id":"https:\/\/dermasupplies.world\/fr\/shop\/produits-de-comblement-dermique\/neuramis-lidocaine\/#primaryimage"},"thumbnailUrl":"https:\/\/dermasupplies.world\/wp-content\/uploads\/2024\/02\/Neuramis-Lidocaine.jpg","datePublished":"2024-02-12T02:34:21+00:00","dateModified":"2026-04-06T19:41:19+00:00","breadcrumb":{"@id":"https:\/\/dermasupplies.world\/fr\/shop\/produits-de-comblement-dermique\/neuramis-lidocaine\/#breadcrumb"},"inLanguage":"fr-FR","potentialAction":[{"@type":"ReadAction","target":["https:\/\/dermasupplies.world\/fr\/shop\/produits-de-comblement-dermique\/neuramis-lidocaine\/"]}]},{"@type":"ImageObject","inLanguage":"fr-FR","@id":"https:\/\/dermasupplies.world\/fr\/shop\/produits-de-comblement-dermique\/neuramis-lidocaine\/#primaryimage","url":"https:\/\/dermasupplies.world\/wp-content\/uploads\/2024\/02\/Neuramis-Lidocaine.jpg","contentUrl":"https:\/\/dermasupplies.world\/wp-content\/uploads\/2024\/02\/Neuramis-Lidocaine.jpg","width":600,"height":600},{"@type":"BreadcrumbList","@id":"https:\/\/dermasupplies.world\/fr\/shop\/produits-de-comblement-dermique\/neuramis-lidocaine\/#breadcrumb","itemListElement":[{"@type":"ListItem","position":1,"name":"Home","item":"https:\/\/dermasupplies.world\/fr\/accueil\/"},{"@type":"ListItem","position":2,"name":"Boutique","item":"https:\/\/dermasupplies.world\/fr\/boutique\/"},{"@type":"ListItem","position":3,"name":"Neuramis Lidocaine"}]},{"@type":"WebSite","@id":"https:\/\/dermasupplies.world\/fr\/#website","url":"https:\/\/dermasupplies.world\/fr\/","name":"dermasupplies.world","description":"Visitez notre boutique o\u00f9 vous pouvez acheter les meilleures marques de produits de comblement cutan\u00e9, de botox et de produits de m\u00e9soth\u00e9rapie.","potentialAction":[{"@type":"SearchAction","target":{"@type":"EntryPoint","urlTemplate":"https:\/\/dermasupplies.world\/fr\/?s={search_term_string}"},"query-input":"required name=search_term_string"}],"inLanguage":"fr-FR"}]}},"_links":{"self":[{"href":"https:\/\/dermasupplies.world\/fr\/wp-json\/wp\/v2\/product\/12829"}],"collection":[{"href":"https:\/\/dermasupplies.world\/fr\/wp-json\/wp\/v2\/product"}],"about":[{"href":"https:\/\/dermasupplies.world\/fr\/wp-json\/wp\/v2\/types\/product"}],"version-history":[{"count":1,"href":"https:\/\/dermasupplies.world\/fr\/wp-json\/wp\/v2\/product\/12829\/revisions"}],"predecessor-version":[{"id":16473,"href":"https:\/\/dermasupplies.world\/fr\/wp-json\/wp\/v2\/product\/12829\/revisions\/16473"}],"wp:featuredmedia":[{"embeddable":true,"href":"https:\/\/dermasupplies.world\/fr\/wp-json\/wp\/v2\/media\/10920"}],"wp:attachment":[{"href":"https:\/\/dermasupplies.world\/fr\/wp-json\/wp\/v2\/media?parent=12829"}],"wp:term":[{"taxonomy":"product_cat","embeddable":true,"href":"https:\/\/dermasupplies.world\/fr\/wp-json\/wp\/v2\/product_cat?post=12829"},{"taxonomy":"product_tag","embeddable":true,"href":"https:\/\/dermasupplies.world\/fr\/wp-json\/wp\/v2\/product_tag?post=12829"}],"curies":[{"name":"wp","href":"https:\/\/api.w.org\/{rel}","templated":true}]}}